{"id":28,"date":"2023-12-20T16:02:03","date_gmt":"2023-12-20T15:02:03","guid":{"rendered":"https:\/\/www.teambananenflanke.de\/ortenau\/?page_id=28"},"modified":"2025-12-08T16:57:13","modified_gmt":"2025-12-08T15:57:13","slug":"spenden","status":"publish","type":"page","link":"https:\/\/www.team-bananenflanke.de\/ortenau\/spenden\/","title":{"rendered":"Spenden"},"content":{"rendered":"[et_pb_section fb_built=&#8220;1&#8243; fullwidth=&#8220;on&#8220; _builder_version=&#8220;4.7.6&#8243; _module_preset=&#8220;default&#8220;][et_pb_fullwidth_slider _builder_version=&#8220;4.7.6&#8243; _module_preset=&#8220;default&#8220; height=&#8220;600px&#8220;][et_pb_slide _builder_version=&#8220;4.7.6&#8243; _module_preset=&#8220;default&#8220; background_enable_color=&#8220;off&#8220; background_image=&#8220;https:\/\/www.teambananenflanke.de\/ortenau\/wp-content\/uploads\/2023\/12\/slider.jpg&#8220; background_enable_image=&#8220;on&#8220; sticky_transition=&#8220;on&#8220;][\/et_pb_slide][\/et_pb_fullwidth_slider][\/et_pb_section][et_pb_section fb_built=&#8220;1&#8243; admin_label=&#8220;section&#8220; _builder_version=&#8220;3.22&#8243;][et_pb_row admin_label=&#8220;row&#8220; _builder_version=&#8220;3.25&#8243; background_size=&#8220;initial&#8220; background_position=&#8220;top_left&#8220; background_repeat=&#8220;repeat&#8220;][et_pb_column type=&#8220;4_4&#8243; _builder_version=&#8220;3.25&#8243; custom_padding=&#8220;|||&#8220; custom_padding__hover=&#8220;|||&#8220;][et_pb_text admin_label=&#8220;Text&#8220; _builder_version=&#8220;3.27.4&#8243; background_size=&#8220;initial&#8220; background_position=&#8220;top_left&#8220; background_repeat=&#8220;repeat&#8220;]<p><\/p>\n<p>&nbsp;<\/p>\n<h1>Spenden<\/h1>\n<p>&nbsp;<\/p>\n<p><span style=\"font-size: 14px;\">Wir ben\u00f6tigen regelm\u00e4\u00dfig neue Ausr\u00fcstung sowie Hilfsmittel und sind daher auf Ihre Spende angewiesen, au\u00dferdem ben\u00f6tigen wir finanzielle Unterst\u00fctzung um unseren Spielern Ausw\u00e4rtsfahrt zu erm\u00f6glichen.<\/span><\/p>\n<p>Wir freuen uns \u00fcber Ihren Beitrag und bedanken uns herzlich!<\/p>\n<p>&nbsp;<\/p>\n<p><strong>Spenden unter:<br \/><\/strong><span style=\"font-size: 14px;\">Team Bananenflanke Ortenau e.V.<br \/><\/span><span style=\"font-size: 14px;\">Sparkasse Offenburg\/Ortenau<br \/><\/span><span style=\"font-size: 14px;\">IBAN DE 38 6645 0050 0004 9514 23<br \/><\/span>BIC SOLADES1OFG<\/p>\n<p><\/p>[\/et_pb_text][\/et_pb_column][\/et_pb_row][\/et_pb_section]","protected":false},"excerpt":{"rendered":"<p>[et_pb_section fb_built=&#8220;1&#8243; fullwidth=&#8220;on&#8220; _builder_version=&#8220;4.7.6&#8243; _module_preset=&#8220;default&#8220;][et_pb_fullwidth_slider _builder_version=&#8220;4.7.6&#8243; _module_preset=&#8220;default&#8220; height=&#8220;600px&#8220;][et_pb_slide _builder_version=&#8220;4.7.6&#8243; _module_preset=&#8220;default&#8220; background_enable_color=&#8220;off&#8220; background_image=&#8220;https:\/\/www.teambananenflanke.de\/ortenau\/wp-content\/uploads\/2023\/12\/slider.jpg&#8220; background_enable_image=&#8220;on&#8220; sticky_transition=&#8220;on&#8220;][\/et_pb_slide][\/et_pb_fullwidth_slider][\/et_pb_section][et_pb_section fb_built=&#8220;1&#8243; admin_label=&#8220;section&#8220; _builder_version=&#8220;3.22&#8243;][et_pb_row admin_label=&#8220;row&#8220; _builder_version=&#8220;3.25&#8243; background_size=&#8220;initial&#8220; background_position=&#8220;top_left&#8220; background_repeat=&#8220;repeat&#8220;][et_pb_column type=&#8220;4_4&#8243; _builder_version=&#8220;3.25&#8243; custom_padding=&#8220;|||&#8220; custom_padding__hover=&#8220;|||&#8220;][et_pb_text admin_label=&#8220;Text&#8220; _builder_version=&#8220;3.27.4&#8243; background_size=&#8220;initial&#8220; background_position=&#8220;top_left&#8220; background_repeat=&#8220;repeat&#8220;] &nbsp; Spenden &nbsp; Wir ben\u00f6tigen regelm\u00e4\u00dfig neue Ausr\u00fcstung sowie Hilfsmittel und sind daher auf Ihre Spende angewiesen, au\u00dferdem ben\u00f6tigen wir finanzielle Unterst\u00fctzung um unseren [&hellip;]<\/p>\n","protected":false},"author":1,"featured_media":0,"parent":0,"menu_order":0,"comment_status":"closed","ping_status":"closed","template":"","meta":{"_et_pb_use_builder":"on","_et_pb_old_content":"<!-- wp:paragraph -->\n<p>Dies ist eine Beispiel-Seite. Sie unterscheidet sich von Beitr\u00e4gen, da sie stets an derselben Stelle bleibt und (bei den meisten Themes) in der Website-Navigation angezeigt wird. Die meisten starten mit einem Impressum, der Datenschutzerkl\u00e4rung oder einer \u201e\u00dcber\u00a0uns\u201c-Seite, um sich potenziellen Besuchern der Website vorzustellen. Dort k\u00f6nnte zum Beispiel stehen:<\/p>\n<!-- \/wp:paragraph -->\n\n<!-- wp:quote -->\n<blockquote class=\"wp-block-quote\"><p>Hallo! Tags\u00fcber arbeite ich als Fahrradkurier, nachts bin ich ein aufstrebender Schauspieler und dies hier ist meine Website. Ich lebe in Berlin, habe einen gro\u00dfen Hund namens Jack, mag Pi&#241;a Coladas, jedoch weniger (ohne Schirm) im Regen stehen gelassen zu werden.<\/p><\/blockquote>\n<!-- \/wp:quote -->\n\n<!-- wp:paragraph -->\n<p>...\u00a0oder so etwas wie:<\/p>\n<!-- \/wp:paragraph -->\n\n<!-- wp:quote -->\n<blockquote class=\"wp-block-quote\"><p>Das Unternehmen XYZ wurde 1971 gegr\u00fcndet und versorgt die \u00d6ffentlichkeit seither mit qualitativ hochwertigen Produkten. An seinem Standort in einer kleinen Gro\u00dfstadt besch\u00e4ftigt der Betrieb \u00fcber 2.000 Menschen und unterst\u00fctzt die Stadtbewohner in vielfacher Hinsicht.<\/p><\/blockquote>\n<!-- \/wp:quote -->\n\n<!-- wp:paragraph -->\n<p>Als neuer WordPress-Benutzer solltest du <a href=\"https:\/\/www.teambananenflanke.de\/ortenau\/wp-admin\/\">dein Dashboard<\/a> aufrufen, um diese Seite zu l\u00f6schen und neue Seiten und Beitr\u00e4ge f\u00fcr deine Website erstellen. Viel Spa\u00df!<\/p>\n<!-- \/wp:paragraph -->","_et_gb_content_width":"","footnotes":""},"class_list":["post-28","page","type-page","status-publish","hentry"],"yoast_head":"<!-- This site is optimized with the Yoast SEO plugin v27.6 - https:\/\/yoast.com\/product\/yoast-seo-wordpress\/ -->\n<title>Spenden - Team Bananenflanke\u00ae Ortenau e.V.<\/title>\n<meta name=\"description\" content=\"Unterst\u00fctze das Team Bananenflanke Ortenau mit einer Spende. Hilf uns, inklusiven Fu\u00dfball f\u00fcr Kinder und Jugendliche zu f\u00f6rdern.\" \/>\n<meta name=\"robots\" content=\"index, follow, max-snippet:-1, max-image-preview:large, max-video-preview:-1\" \/>\n<link rel=\"canonical\" href=\"https:\/\/www.team-bananenflanke.de\/ortenau\/spenden\/\" \/>\n<meta property=\"og:locale\" content=\"de_DE\" \/>\n<meta property=\"og:type\" content=\"article\" \/>\n<meta property=\"og:title\" content=\"Spenden - Team Bananenflanke\u00ae Ortenau e.V.\" \/>\n<meta property=\"og:description\" content=\"Unterst\u00fctze das Team Bananenflanke Ortenau mit einer Spende. Hilf uns, inklusiven Fu\u00dfball f\u00fcr Kinder und Jugendliche zu f\u00f6rdern.\" \/>\n<meta property=\"og:url\" content=\"https:\/\/www.team-bananenflanke.de\/ortenau\/spenden\/\" \/>\n<meta property=\"og:site_name\" content=\"Team Bananenflanke\u00ae Ortenau e.V.\" \/>\n<meta property=\"article:modified_time\" content=\"2025-12-08T15:57:13+00:00\" \/>\n<meta name=\"twitter:card\" content=\"summary_large_image\" \/>\n<meta name=\"twitter:label1\" content=\"Gesch\u00e4tzte Lesezeit\" \/>\n\t<meta name=\"twitter:data1\" content=\"1\u00a0Minute\" \/>\n<script type=\"application\/ld+json\" class=\"yoast-schema-graph\">{\"@context\":\"https:\\\/\\\/schema.org\",\"@graph\":[{\"@type\":\"WebPage\",\"@id\":\"https:\\\/\\\/www.team-bananenflanke.de\\\/ortenau\\\/spenden\\\/\",\"url\":\"https:\\\/\\\/www.team-bananenflanke.de\\\/ortenau\\\/spenden\\\/\",\"name\":\"Spenden - Team Bananenflanke\u00ae Ortenau e.V.\",\"isPartOf\":{\"@id\":\"https:\\\/\\\/www.team-bananenflanke.de\\\/ortenau\\\/#website\"},\"datePublished\":\"2023-12-20T15:02:03+00:00\",\"dateModified\":\"2025-12-08T15:57:13+00:00\",\"description\":\"Unterst\u00fctze das Team Bananenflanke Ortenau mit einer Spende. Hilf uns, inklusiven Fu\u00dfball f\u00fcr Kinder und Jugendliche zu f\u00f6rdern.\",\"breadcrumb\":{\"@id\":\"https:\\\/\\\/www.team-bananenflanke.de\\\/ortenau\\\/spenden\\\/#breadcrumb\"},\"inLanguage\":\"de\",\"potentialAction\":[{\"@type\":\"ReadAction\",\"target\":[\"https:\\\/\\\/www.team-bananenflanke.de\\\/ortenau\\\/spenden\\\/\"]}]},{\"@type\":\"BreadcrumbList\",\"@id\":\"https:\\\/\\\/www.team-bananenflanke.de\\\/ortenau\\\/spenden\\\/#breadcrumb\",\"itemListElement\":[{\"@type\":\"ListItem\",\"position\":1,\"name\":\"Startseite\",\"item\":\"https:\\\/\\\/www.team-bananenflanke.de\\\/ortenau\\\/\"},{\"@type\":\"ListItem\",\"position\":2,\"name\":\"Spenden\"}]},{\"@type\":\"WebSite\",\"@id\":\"https:\\\/\\\/www.team-bananenflanke.de\\\/ortenau\\\/#website\",\"url\":\"https:\\\/\\\/www.team-bananenflanke.de\\\/ortenau\\\/\",\"name\":\"Team Bananenflanke\u00ae Ortenau e.V.\",\"description\":\"Fu\u00dfball kennt keine Grenzen!\",\"potentialAction\":[{\"@type\":\"SearchAction\",\"target\":{\"@type\":\"EntryPoint\",\"urlTemplate\":\"https:\\\/\\\/www.team-bananenflanke.de\\\/ortenau\\\/?s={search_term_string}\"},\"query-input\":{\"@type\":\"PropertyValueSpecification\",\"valueRequired\":true,\"valueName\":\"search_term_string\"}}],\"inLanguage\":\"de\"}]}<\/script>\n<!-- \/ Yoast SEO plugin. -->","yoast_head_json":{"title":"Spenden - Team Bananenflanke\u00ae Ortenau e.V.","description":"Unterst\u00fctze das Team Bananenflanke Ortenau mit einer Spende. Hilf uns, inklusiven Fu\u00dfball f\u00fcr Kinder und Jugendliche zu f\u00f6rdern.","robots":{"index":"index","follow":"follow","max-snippet":"max-snippet:-1","max-image-preview":"max-image-preview:large","max-video-preview":"max-video-preview:-1"},"canonical":"https:\/\/www.team-bananenflanke.de\/ortenau\/spenden\/","og_locale":"de_DE","og_type":"article","og_title":"Spenden - Team Bananenflanke\u00ae Ortenau e.V.","og_description":"Unterst\u00fctze das Team Bananenflanke Ortenau mit einer Spende. Hilf uns, inklusiven Fu\u00dfball f\u00fcr Kinder und Jugendliche zu f\u00f6rdern.","og_url":"https:\/\/www.team-bananenflanke.de\/ortenau\/spenden\/","og_site_name":"Team Bananenflanke\u00ae Ortenau e.V.","article_modified_time":"2025-12-08T15:57:13+00:00","twitter_card":"summary_large_image","twitter_misc":{"Gesch\u00e4tzte Lesezeit":"1\u00a0Minute"},"schema":{"@context":"https:\/\/schema.org","@graph":[{"@type":"WebPage","@id":"https:\/\/www.team-bananenflanke.de\/ortenau\/spenden\/","url":"https:\/\/www.team-bananenflanke.de\/ortenau\/spenden\/","name":"Spenden - Team Bananenflanke\u00ae Ortenau e.V.","isPartOf":{"@id":"https:\/\/www.team-bananenflanke.de\/ortenau\/#website"},"datePublished":"2023-12-20T15:02:03+00:00","dateModified":"2025-12-08T15:57:13+00:00","description":"Unterst\u00fctze das Team Bananenflanke Ortenau mit einer Spende. Hilf uns, inklusiven Fu\u00dfball f\u00fcr Kinder und Jugendliche zu f\u00f6rdern.","breadcrumb":{"@id":"https:\/\/www.team-bananenflanke.de\/ortenau\/spenden\/#breadcrumb"},"inLanguage":"de","potentialAction":[{"@type":"ReadAction","target":["https:\/\/www.team-bananenflanke.de\/ortenau\/spenden\/"]}]},{"@type":"BreadcrumbList","@id":"https:\/\/www.team-bananenflanke.de\/ortenau\/spenden\/#breadcrumb","itemListElement":[{"@type":"ListItem","position":1,"name":"Startseite","item":"https:\/\/www.team-bananenflanke.de\/ortenau\/"},{"@type":"ListItem","position":2,"name":"Spenden"}]},{"@type":"WebSite","@id":"https:\/\/www.team-bananenflanke.de\/ortenau\/#website","url":"https:\/\/www.team-bananenflanke.de\/ortenau\/","name":"Team Bananenflanke\u00ae Ortenau e.V.","description":"Fu\u00dfball kennt keine Grenzen!","potentialAction":[{"@type":"SearchAction","target":{"@type":"EntryPoint","urlTemplate":"https:\/\/www.team-bananenflanke.de\/ortenau\/?s={search_term_string}"},"query-input":{"@type":"PropertyValueSpecification","valueRequired":true,"valueName":"search_term_string"}}],"inLanguage":"de"}]}},"_links":{"self":[{"href":"https:\/\/www.team-bananenflanke.de\/ortenau\/wp-json\/wp\/v2\/pages\/28","targetHints":{"allow":["GET"]}}],"collection":[{"href":"https:\/\/www.team-bananenflanke.de\/ortenau\/wp-json\/wp\/v2\/pages"}],"about":[{"href":"https:\/\/www.team-bananenflanke.de\/ortenau\/wp-json\/wp\/v2\/types\/page"}],"author":[{"embeddable":true,"href":"https:\/\/www.team-bananenflanke.de\/ortenau\/wp-json\/wp\/v2\/users\/1"}],"replies":[{"embeddable":true,"href":"https:\/\/www.team-bananenflanke.de\/ortenau\/wp-json\/wp\/v2\/comments?post=28"}],"version-history":[{"count":2,"href":"https:\/\/www.team-bananenflanke.de\/ortenau\/wp-json\/wp\/v2\/pages\/28\/revisions"}],"predecessor-version":[{"id":62,"href":"https:\/\/www.team-bananenflanke.de\/ortenau\/wp-json\/wp\/v2\/pages\/28\/revisions\/62"}],"wp:attachment":[{"href":"https:\/\/www.team-bananenflanke.de\/ortenau\/wp-json\/wp\/v2\/media?parent=28"}],"curies":[{"name":"wp","href":"https:\/\/api.w.org\/{rel}","templated":true}]}}