{"id":2,"date":"2023-12-19T16:55:54","date_gmt":"2023-12-19T15:55:54","guid":{"rendered":"https:\/\/www.teambananenflanke.de\/ortenau\/?page_id=2"},"modified":"2026-01-16T20:36:11","modified_gmt":"2026-01-16T19:36:11","slug":"home","status":"publish","type":"page","link":"https:\/\/www.team-bananenflanke.de\/ortenau\/","title":{"rendered":"Home"},"content":{"rendered":"<p>[et_pb_section fb_built=&#8220;1&#8243; fullwidth=&#8220;on&#8220; _builder_version=&#8220;4.7.6&#8243; _module_preset=&#8220;default&#8220;][et_pb_fullwidth_slider _builder_version=&#8220;4.7.6&#8243; _module_preset=&#8220;default&#8220; height=&#8220;600px&#8220;][et_pb_slide _builder_version=&#8220;4.7.6&#8243; _module_preset=&#8220;default&#8220; background_enable_color=&#8220;off&#8220; background_image=&#8220;https:\/\/www.teambananenflanke.de\/ortenau\/wp-content\/uploads\/2023\/12\/slider.jpg&#8220; background_enable_image=&#8220;on&#8220; sticky_transition=&#8220;on&#8220;][\/et_pb_slide][\/et_pb_fullwidth_slider][\/et_pb_section][et_pb_section fb_built=&#8220;1&#8243; admin_label=&#8220;section&#8220; _builder_version=&#8220;3.22&#8243;][et_pb_row admin_label=&#8220;row&#8220; _builder_version=&#8220;3.25&#8243; background_size=&#8220;initial&#8220; background_position=&#8220;top_left&#8220; background_repeat=&#8220;repeat&#8220;][et_pb_column type=&#8220;4_4&#8243; _builder_version=&#8220;3.25&#8243; custom_padding=&#8220;|||&#8220; custom_padding__hover=&#8220;|||&#8220;][et_pb_text admin_label=&#8220;Text&#8220; _builder_version=&#8220;4.7.6&#8243; background_size=&#8220;initial&#8220; background_position=&#8220;top_left&#8220; background_repeat=&#8220;repeat&#8220;]<\/p>\n<p>&nbsp;<\/p>\n<p>&nbsp;<\/p>\n<h1>Hallo und herzlich willkommen auf unserer Website!<\/h1>\n<p>&nbsp;<\/p>\n<p>Unser Verein Team Bananenflanke Ortenau e.V. bietet ein Fu\u00dfball-Erlebnis speziell f\u00fcr Kinder und Jugendliche mit geistiger Behinderung an. Die Kids sind Teil einer eigenen Fu\u00dfball-Liga und k\u00f6nnen bei uns professionellen Vereinsfu\u00dfball betreiben.<\/p>\n<p><span style=\"font-size: 14px;\">Wir sind das Team Bananenflanke Ortenau, und trainieren von April bis Oktober immer Freitags von 17:30-19:00\u00a0im Freien auf dem Sportplatz des SV Sasbach Sasbachrieder Str. 95, 77880 Sasbach.<\/span><\/p>\n<p><span style=\"font-size: 14px;\">Bei Interesse sind Sie recht herzlich bei uns eingeladen uns an einem Trainingsabend, oder aber auch bei einem unserer Spieltage zu besuchen.<\/span><\/p>\n<p><span style=\"font-size: 14px;\">Wir freuen uns \u00fcber jeden neuen &#8222;Star&#8220; in unseren Reihen!<\/span><\/p>\n<p><span style=\"font-size: 14px;\">Team Bananenflanke Ortenau e.V.<\/span><\/p>\n<p>&nbsp;<\/p>\n<p>Kontakt per Mail unter: <a href=\"mailto:Ortenau@team-bananenflanke.de\">Ortenau@team-bananenflanke.de<\/a><br \/> <span style=\"font-size: 14px;\">Folgen Sie uns auch\u00a0auf Instagram:\u00a0@teambananenflankeortenau<\/span><\/p>\n<p>&nbsp;<\/p>\n<p><strong>Trainingsplan:<\/strong><\/p>\n<table class=\"contenttable\">\n<tbody>\n<tr>\n<td>\n<p><strong>Oktober &#8211; M\u00e4rz<\/strong><\/p>\n<\/td>\n<td>\u00a0 \u00a0 \u00a0<\/td>\n<td>Freitags, 17:00-18:15 in der Winfried-Rosenfelder Halle<br \/>Kirchstra\u00dfe 43, 77855 Achern<\/td>\n<\/tr>\n<tr>\n<td>\u00a0<\/td>\n<td>\u00a0<\/td>\n<td>\u00a0<\/td>\n<\/tr>\n<tr>\n<td>\n<p><strong>April &#8211; September<\/strong><\/p>\n<p>&nbsp;<\/p>\n<\/td>\n<td>\u00a0 \u00a0 \u00a0<\/td>\n<td>\n<p>Freitags, 17:00-19:00 auf dem Sportplatz des SV Sasbach<br \/>Sasbachrieder Str. 95 77880 Sasbach<\/p>\n<p>&nbsp;<\/p>\n<\/td>\n<\/tr>\n<\/tbody>\n<\/table>\n<hr \/>\n<p>An den folgenden Terminen findet<strong><span>\u00a0<\/span>kein Training<\/strong><span>\u00a0<\/span>statt:<\/p>\n<table class=\"contenttable\">\n<tbody>\n<tr>\n<td><\/td>\n<td><\/td>\n<\/tr>\n<tr>\n<td>Termine f\u00fcr 2026 folgen<\/td>\n<td><\/td>\n<\/tr>\n<tr>\n<td><\/td>\n<td><\/td>\n<\/tr>\n<tr>\n<td><\/td>\n<td><\/td>\n<\/tr>\n<\/tbody>\n<\/table>\n<p><span style=\"font-size: 14px;\">\u00a0<\/span><\/p>\n<p>[\/et_pb_text][\/et_pb_column][\/et_pb_row][\/et_pb_section]<\/p>\n","protected":false},"excerpt":{"rendered":"<p>[et_pb_section fb_built=&#8220;1&#8243; fullwidth=&#8220;on&#8220; _builder_version=&#8220;4.7.6&#8243; _module_preset=&#8220;default&#8220;][et_pb_fullwidth_slider _builder_version=&#8220;4.7.6&#8243; _module_preset=&#8220;default&#8220; height=&#8220;600px&#8220;][et_pb_slide _builder_version=&#8220;4.7.6&#8243; _module_preset=&#8220;default&#8220; background_enable_color=&#8220;off&#8220; background_image=&#8220;https:\/\/www.teambananenflanke.de\/ortenau\/wp-content\/uploads\/2023\/12\/slider.jpg&#8220; background_enable_image=&#8220;on&#8220; sticky_transition=&#8220;on&#8220;][\/et_pb_slide][\/et_pb_fullwidth_slider][\/et_pb_section][et_pb_section fb_built=&#8220;1&#8243; admin_label=&#8220;section&#8220; _builder_version=&#8220;3.22&#8243;][et_pb_row admin_label=&#8220;row&#8220; _builder_version=&#8220;3.25&#8243; background_size=&#8220;initial&#8220; background_position=&#8220;top_left&#8220; background_repeat=&#8220;repeat&#8220;][et_pb_column type=&#8220;4_4&#8243; _builder_version=&#8220;3.25&#8243; custom_padding=&#8220;|||&#8220; custom_padding__hover=&#8220;|||&#8220;][et_pb_text admin_label=&#8220;Text&#8220; _builder_version=&#8220;4.7.6&#8243; background_size=&#8220;initial&#8220; background_position=&#8220;top_left&#8220; background_repeat=&#8220;repeat&#8220;] &nbsp; &nbsp; Hallo und herzlich willkommen auf unserer Website! &nbsp; Unser Verein Team Bananenflanke Ortenau e.V. bietet ein Fu\u00dfball-Erlebnis speziell f\u00fcr Kinder und Jugendliche [&hellip;]<\/p>\n","protected":false},"author":1,"featured_media":0,"parent":0,"menu_order":0,"comment_status":"closed","ping_status":"closed","template":"","meta":{"_et_pb_use_builder":"on","_et_pb_old_content":"<!-- wp:paragraph -->\r\n<p>Dies ist eine Beispiel-Seite. Sie unterscheidet sich von Beitr\u00e4gen, da sie stets an derselben Stelle bleibt und (bei den meisten Themes) in der Website-Navigation angezeigt wird. Die meisten starten mit einem Impressum, der Datenschutzerkl\u00e4rung oder einer \u201e\u00dcber\u00a0uns\u201c-Seite, um sich potenziellen Besuchern der Website vorzustellen. Dort k\u00f6nnte zum Beispiel stehen:<\/p>\r\n<!-- \/wp:paragraph -->\r\n<p>\u00a0<\/p>\r\n<!-- wp:quote -->\r\n<blockquote class=\"wp-block-quote\">\r\n<p>Hallo! Tags\u00fcber arbeite ich als Fahrradkurier, nachts bin ich ein aufstrebender Schauspieler und dies hier ist meine Website. Ich lebe in Berlin, habe einen gro\u00dfen Hund namens Jack, mag Pi\u00f1a Coladas, jedoch weniger (ohne Schirm) im Regen stehen gelassen zu werden.<\/p>\r\n<\/blockquote>\r\n<!-- \/wp:quote -->\r\n<p>\u00a0<\/p>\r\n<!-- wp:paragraph -->\r\n<p>...\u00a0oder so etwas wie:<\/p>\r\n<!-- \/wp:paragraph -->\r\n<p>\u00a0<\/p>\r\n<!-- wp:quote -->\r\n<blockquote class=\"wp-block-quote\">\r\n<p>Das Unternehmen XYZ wurde 1971 gegr\u00fcndet und versorgt die \u00d6ffentlichkeit seither mit qualitativ hochwertigen Produkten. An seinem Standort in einer kleinen Gro\u00dfstadt besch\u00e4ftigt der Betrieb \u00fcber 2.000 Menschen und unterst\u00fctzt die Stadtbewohner in vielfacher Hinsicht.<\/p>\r\n<\/blockquote>\r\n<!-- \/wp:quote -->\r\n<p>\u00a0<\/p>\r\n<!-- wp:paragraph -->\r\n<p>Als neuer WordPress-Benutzer solltest du <a href=\"https:\/\/www.teambananenflanke.de\/ortenau\/wp-admin\/\">dein Dashboard<\/a> aufrufen, um diese Seite zu l\u00f6schen und neue Seiten und Beitr\u00e4ge f\u00fcr deine Website erstellen. Viel Spa\u00df!<\/p>\r\n<!-- \/wp:paragraph -->","_et_gb_content_width":"","footnotes":""},"class_list":["post-2","page","type-page","status-publish","hentry"],"yoast_head":"<!-- This site is optimized with the Yoast SEO plugin v27.4 - https:\/\/yoast.com\/product\/yoast-seo-wordpress\/ -->\n<title>Home - Team Bananenflanke\u00ae Ortenau e.V.<\/title>\n<meta name=\"description\" content=\"Willkommen beim Team Bananenflanke Ortenau! Erfahre alles \u00fcber unseren inklusiven Fu\u00dfball, unsere Mission und aktuelle Veranstaltungen.\" \/>\n<meta name=\"robots\" content=\"index, follow, max-snippet:-1, max-image-preview:large, max-video-preview:-1\" \/>\n<link rel=\"canonical\" href=\"https:\/\/www.team-bananenflanke.de\/ortenau\/\" \/>\n<meta property=\"og:locale\" content=\"de_DE\" \/>\n<meta property=\"og:type\" content=\"article\" \/>\n<meta property=\"og:title\" content=\"Home - Team Bananenflanke\u00ae Ortenau e.V.\" \/>\n<meta property=\"og:description\" content=\"Willkommen beim Team Bananenflanke Ortenau! Erfahre alles \u00fcber unseren inklusiven Fu\u00dfball, unsere Mission und aktuelle Veranstaltungen.\" \/>\n<meta property=\"og:url\" content=\"https:\/\/www.team-bananenflanke.de\/ortenau\/\" \/>\n<meta property=\"og:site_name\" content=\"Team Bananenflanke\u00ae Ortenau e.V.\" \/>\n<meta property=\"article:modified_time\" content=\"2026-01-16T19:36:11+00:00\" \/>\n<meta name=\"twitter:card\" content=\"summary_large_image\" \/>\n<meta name=\"twitter:label1\" content=\"Gesch\u00e4tzte Lesezeit\" \/>\n\t<meta name=\"twitter:data1\" content=\"1\u00a0Minute\" \/>\n<script type=\"application\/ld+json\" class=\"yoast-schema-graph\">{\"@context\":\"https:\\\/\\\/schema.org\",\"@graph\":[{\"@type\":\"WebPage\",\"@id\":\"https:\\\/\\\/www.team-bananenflanke.de\\\/ortenau\\\/\",\"url\":\"https:\\\/\\\/www.team-bananenflanke.de\\\/ortenau\\\/\",\"name\":\"Home - Team Bananenflanke\u00ae Ortenau e.V.\",\"isPartOf\":{\"@id\":\"https:\\\/\\\/www.team-bananenflanke.de\\\/ortenau\\\/#website\"},\"datePublished\":\"2023-12-19T15:55:54+00:00\",\"dateModified\":\"2026-01-16T19:36:11+00:00\",\"description\":\"Willkommen beim Team Bananenflanke Ortenau! Erfahre alles \u00fcber unseren inklusiven Fu\u00dfball, unsere Mission und aktuelle Veranstaltungen.\",\"breadcrumb\":{\"@id\":\"https:\\\/\\\/www.team-bananenflanke.de\\\/ortenau\\\/#breadcrumb\"},\"inLanguage\":\"de\",\"potentialAction\":[{\"@type\":\"ReadAction\",\"target\":[\"https:\\\/\\\/www.team-bananenflanke.de\\\/ortenau\\\/\"]}]},{\"@type\":\"BreadcrumbList\",\"@id\":\"https:\\\/\\\/www.team-bananenflanke.de\\\/ortenau\\\/#breadcrumb\",\"itemListElement\":[{\"@type\":\"ListItem\",\"position\":1,\"name\":\"Startseite\",\"item\":\"https:\\\/\\\/www.team-bananenflanke.de\\\/ortenau\\\/\"},{\"@type\":\"ListItem\",\"position\":2,\"name\":\"Home\"}]},{\"@type\":\"WebSite\",\"@id\":\"https:\\\/\\\/www.team-bananenflanke.de\\\/ortenau\\\/#website\",\"url\":\"https:\\\/\\\/www.team-bananenflanke.de\\\/ortenau\\\/\",\"name\":\"Team Bananenflanke\u00ae Ortenau e.V.\",\"description\":\"Fu\u00dfball kennt keine Grenzen!\",\"potentialAction\":[{\"@type\":\"SearchAction\",\"target\":{\"@type\":\"EntryPoint\",\"urlTemplate\":\"https:\\\/\\\/www.team-bananenflanke.de\\\/ortenau\\\/?s={search_term_string}\"},\"query-input\":{\"@type\":\"PropertyValueSpecification\",\"valueRequired\":true,\"valueName\":\"search_term_string\"}}],\"inLanguage\":\"de\"}]}<\/script>\n<!-- \/ Yoast SEO plugin. -->","yoast_head_json":{"title":"Home - Team Bananenflanke\u00ae Ortenau e.V.","description":"Willkommen beim Team Bananenflanke Ortenau! Erfahre alles \u00fcber unseren inklusiven Fu\u00dfball, unsere Mission und aktuelle Veranstaltungen.","robots":{"index":"index","follow":"follow","max-snippet":"max-snippet:-1","max-image-preview":"max-image-preview:large","max-video-preview":"max-video-preview:-1"},"canonical":"https:\/\/www.team-bananenflanke.de\/ortenau\/","og_locale":"de_DE","og_type":"article","og_title":"Home - Team Bananenflanke\u00ae Ortenau e.V.","og_description":"Willkommen beim Team Bananenflanke Ortenau! Erfahre alles \u00fcber unseren inklusiven Fu\u00dfball, unsere Mission und aktuelle Veranstaltungen.","og_url":"https:\/\/www.team-bananenflanke.de\/ortenau\/","og_site_name":"Team Bananenflanke\u00ae Ortenau e.V.","article_modified_time":"2026-01-16T19:36:11+00:00","twitter_card":"summary_large_image","twitter_misc":{"Gesch\u00e4tzte Lesezeit":"1\u00a0Minute"},"schema":{"@context":"https:\/\/schema.org","@graph":[{"@type":"WebPage","@id":"https:\/\/www.team-bananenflanke.de\/ortenau\/","url":"https:\/\/www.team-bananenflanke.de\/ortenau\/","name":"Home - Team Bananenflanke\u00ae Ortenau e.V.","isPartOf":{"@id":"https:\/\/www.team-bananenflanke.de\/ortenau\/#website"},"datePublished":"2023-12-19T15:55:54+00:00","dateModified":"2026-01-16T19:36:11+00:00","description":"Willkommen beim Team Bananenflanke Ortenau! Erfahre alles \u00fcber unseren inklusiven Fu\u00dfball, unsere Mission und aktuelle Veranstaltungen.","breadcrumb":{"@id":"https:\/\/www.team-bananenflanke.de\/ortenau\/#breadcrumb"},"inLanguage":"de","potentialAction":[{"@type":"ReadAction","target":["https:\/\/www.team-bananenflanke.de\/ortenau\/"]}]},{"@type":"BreadcrumbList","@id":"https:\/\/www.team-bananenflanke.de\/ortenau\/#breadcrumb","itemListElement":[{"@type":"ListItem","position":1,"name":"Startseite","item":"https:\/\/www.team-bananenflanke.de\/ortenau\/"},{"@type":"ListItem","position":2,"name":"Home"}]},{"@type":"WebSite","@id":"https:\/\/www.team-bananenflanke.de\/ortenau\/#website","url":"https:\/\/www.team-bananenflanke.de\/ortenau\/","name":"Team Bananenflanke\u00ae Ortenau e.V.","description":"Fu\u00dfball kennt keine Grenzen!","potentialAction":[{"@type":"SearchAction","target":{"@type":"EntryPoint","urlTemplate":"https:\/\/www.team-bananenflanke.de\/ortenau\/?s={search_term_string}"},"query-input":{"@type":"PropertyValueSpecification","valueRequired":true,"valueName":"search_term_string"}}],"inLanguage":"de"}]}},"_links":{"self":[{"href":"https:\/\/www.team-bananenflanke.de\/ortenau\/wp-json\/wp\/v2\/pages\/2","targetHints":{"allow":["GET"]}}],"collection":[{"href":"https:\/\/www.team-bananenflanke.de\/ortenau\/wp-json\/wp\/v2\/pages"}],"about":[{"href":"https:\/\/www.team-bananenflanke.de\/ortenau\/wp-json\/wp\/v2\/types\/page"}],"author":[{"embeddable":true,"href":"https:\/\/www.team-bananenflanke.de\/ortenau\/wp-json\/wp\/v2\/users\/1"}],"replies":[{"embeddable":true,"href":"https:\/\/www.team-bananenflanke.de\/ortenau\/wp-json\/wp\/v2\/comments?post=2"}],"version-history":[{"count":14,"href":"https:\/\/www.team-bananenflanke.de\/ortenau\/wp-json\/wp\/v2\/pages\/2\/revisions"}],"predecessor-version":[{"id":381,"href":"https:\/\/www.team-bananenflanke.de\/ortenau\/wp-json\/wp\/v2\/pages\/2\/revisions\/381"}],"wp:attachment":[{"href":"https:\/\/www.team-bananenflanke.de\/ortenau\/wp-json\/wp\/v2\/media?parent=2"}],"curies":[{"name":"wp","href":"https:\/\/api.w.org\/{rel}","templated":true}]}}