{"id":41,"date":"2023-12-26T22:07:51","date_gmt":"2023-12-26T21:07:51","guid":{"rendered":"https:\/\/www.teambananenflanke.de\/offenbach\/?page_id=41"},"modified":"2025-12-08T16:24:34","modified_gmt":"2025-12-08T15:24:34","slug":"sponsoren","status":"publish","type":"page","link":"https:\/\/www.team-bananenflanke.de\/offenbach\/sponsoren\/","title":{"rendered":"Sponsoren"},"content":{"rendered":"[et_pb_section fb_built=&#8220;1&#8243; fullwidth=&#8220;on&#8220; _builder_version=&#8220;4.7.6&#8243; _module_preset=&#8220;default&#8220;][et_pb_fullwidth_slider _builder_version=&#8220;4.7.6&#8243; _module_preset=&#8220;default&#8220; min_height=&#8220;600px&#8220; hover_enabled=&#8220;0&#8243; height=&#8220;600px&#8220; sticky_enabled=&#8220;0&#8243;][et_pb_slide admin_title=&#8220;Slider 1&#8243; _builder_version=&#8220;4.7.6&#8243; _module_preset=&#8220;default&#8220; background_enable_color=&#8220;off&#8220; background_image=&#8220;https:\/\/www.teambananenflanke.de\/offenbach\/wp-content\/uploads\/2025\/03\/gruppenbild.jpg&#8220; background_enable_image=&#8220;on&#8220; hover_enabled=&#8220;0&#8243; sticky_transition=&#8220;on&#8220; title_text=&#8220;gruppenbild&#8220; sticky_enabled=&#8220;0&#8243;][\/et_pb_slide][\/et_pb_fullwidth_slider][\/et_pb_section][et_pb_section fb_built=&#8220;1&#8243; admin_label=&#8220;section&#8220; _builder_version=&#8220;3.22&#8243;][et_pb_row admin_label=&#8220;row&#8220; _builder_version=&#8220;3.25&#8243; background_size=&#8220;initial&#8220; background_position=&#8220;top_left&#8220; background_repeat=&#8220;repeat&#8220;][et_pb_column type=&#8220;4_4&#8243; _builder_version=&#8220;3.25&#8243; custom_padding=&#8220;|||&#8220; custom_padding__hover=&#8220;|||&#8220;][et_pb_text admin_label=&#8220;Text&#8220; _builder_version=&#8220;4.7.6&#8243; background_size=&#8220;initial&#8220; background_position=&#8220;top_left&#8220; background_repeat=&#8220;repeat&#8220; hover_enabled=&#8220;0&#8243; sticky_enabled=&#8220;0&#8243;]\n<h1>Werden Sie Partner \u2013 Gemeinsam f\u00fcr mehr Inklusion!<\/h1>\n<p data-start=\"148\" data-end=\"443\" class=\"\">Das <strong data-start=\"152\" data-end=\"189\">Team Bananenflanke Offenbach e.V.<\/strong> steht f\u00fcr Leidenschaft, Teamgeist und Chancengleichheit im Fu\u00dfball. Unsere einzigartige Liga bietet Kindern und Jugendlichen mit geistiger Beeintr\u00e4chtigung die M\u00f6glichkeit, sich sportlich zu entfalten \u2013 und das in einem gesch\u00fctzten, inklusiven Umfeld.<\/p>\n<p data-start=\"445\" data-end=\"712\" class=\"\">Damit wir dieses besondere Projekt weiterhin erm\u00f6glichen k\u00f6nnen, sind wir auf starke <strong data-start=\"530\" data-end=\"555\">Partner und Sponsoren<\/strong> angewiesen. Ihre Unterst\u00fctzung hilft uns dabei, Trainings, Turniere, Ausr\u00fcstung und unvergessliche Fu\u00dfballmomente f\u00fcr unsere Spieler*innen zu finanzieren.<\/p>\n\n<h3 data-start=\"714\" data-end=\"745\" class=\"\"><strong data-start=\"718\" data-end=\"743\">Warum Sponsor werden?<\/strong><\/h3>\n<p data-start=\"746\" data-end=\"1100\" class=\"\">\u2705 <strong data-start=\"748\" data-end=\"794\">Gesellschaftliche Verantwortung \u00fcbernehmen<\/strong> \u2013 Setzen Sie ein Zeichen f\u00fcr Inklusion und soziales Engagement.<br data-start=\"858\" data-end=\"861\" \/> \u2705 <strong data-start=\"863\" data-end=\"889\">Regionale Sichtbarkeit<\/strong> \u2013 Ihr Unternehmen wird als Unterst\u00fctzer auf unserer Website, Trikots und Events pr\u00e4sentiert.<br data-start=\"982\" data-end=\"985\" \/> \u2705 <strong data-start=\"987\" data-end=\"1016\">Emotionale Werte schaffen<\/strong> \u2013 Werden Sie Teil eines Projekts, das Herzen bewegt und echte Begeisterung weckt.<\/p>\n\n<h3 data-start=\"1102\" data-end=\"1143\" class=\"\"><strong data-start=\"1106\" data-end=\"1141\">So k\u00f6nnen Sie uns unterst\u00fctzen:<\/strong><\/h3>\n<p data-start=\"1144\" data-end=\"1459\" class=\"\">\ud83c\udfc6 <strong data-start=\"1147\" data-end=\"1164\">Trikotsponsor<\/strong> \u2013 Ihr Logo auf unseren Trikots!<br data-start=\"1196\" data-end=\"1199\" \/> \ud83c\udf89 <strong data-start=\"1202\" data-end=\"1218\">Eventpartner<\/strong> \u2013 Unterst\u00fctzen Sie unsere Turniere und Veranstaltungen.<br data-start=\"1274\" data-end=\"1277\" \/> \u26bd <strong data-start=\"1279\" data-end=\"1304\">Ausr\u00fcstung &amp; Material<\/strong> \u2013 Helfen Sie mit Sach- oder Geldspenden.<br data-start=\"1345\" data-end=\"1348\" \/> \ud83e\udd1d <strong data-start=\"1351\" data-end=\"1381\">Individuelle Kooperationen<\/strong> \u2013 Wir finden gemeinsam ein passendes Sponsoring-Modell f\u00fcr Ihr Unternehmen!<\/p>\n<p data-start=\"1461\" data-end=\"1561\" class=\"\"><strong data-start=\"1461\" data-end=\"1559\">Werden Sie Teil unseres Teams und zeigen Sie Ihr Engagement f\u00fcr eine inklusivere Gesellschaft!<\/strong><\/p>\n<p data-start=\"1563\" data-end=\"1662\" class=\"\">\ud83d\udce9 <strong data-start=\"1566\" data-end=\"1617\">Kontaktieren Sie uns f\u00fcr weitere Informationen:<\/strong><br data-start=\"1617\" data-end=\"1620\" \/> \ud83d\udce7 offenbach@team-bananenflanke.de<br data-start=\"1639\" data-end=\"1642\" \/> \ud83d\udcde0171\/4430137<\/p>\n<p data-start=\"1664\" data-end=\"1730\" class=\"\">\ud83d\udc9b <strong data-start=\"1667\" data-end=\"1728\">Danke f\u00fcr Ihre Unterst\u00fctzung! Gemeinsam bewegen wir mehr.<\/strong><\/p>\n[\/et_pb_text][\/et_pb_column][\/et_pb_row][\/et_pb_section][et_pb_section fb_built=&#8220;1&#8243; _builder_version=&#8220;4.7.6&#8243; _module_preset=&#8220;default&#8220; background_color=&#8220;#c6c6c6&#8243; hover_enabled=&#8220;0&#8243; sticky_enabled=&#8220;0&#8243;][et_pb_row _builder_version=&#8220;4.7.6&#8243; _module_preset=&#8220;default&#8220; column_structure=&#8220;1_4,1_4,1_4,1_4&#8243;][et_pb_column _builder_version=&#8220;4.7.6&#8243; _module_preset=&#8220;default&#8220; type=&#8220;1_4&#8243;][et_pb_image src=&#8220;https:\/\/www.teambananenflanke.de\/offenbach\/wp-content\/uploads\/2025\/03\/puma.png&#8220; _builder_version=&#8220;4.7.6&#8243; _module_preset=&#8220;default&#8220; hover_enabled=&#8220;0&#8243; sticky_enabled=&#8220;0&#8243; title_text=&#8220;puma&#8220;][\/et_pb_image][\/et_pb_column][et_pb_column _builder_version=&#8220;4.7.6&#8243; _module_preset=&#8220;default&#8220; type=&#8220;1_4&#8243;][et_pb_image src=&#8220;https:\/\/www.teambananenflanke.de\/offenbach\/wp-content\/uploads\/2025\/03\/schultheis.png&#8220; _builder_version=&#8220;4.7.6&#8243; _module_preset=&#8220;default&#8220; hover_enabled=&#8220;0&#8243; sticky_enabled=&#8220;0&#8243; title_text=&#8220;schultheis&#8220;][\/et_pb_image][\/et_pb_column][et_pb_column _builder_version=&#8220;4.7.6&#8243; _module_preset=&#8220;default&#8220; type=&#8220;1_4&#8243;][\/et_pb_column][et_pb_column _builder_version=&#8220;4.7.6&#8243; _module_preset=&#8220;default&#8220; type=&#8220;1_4&#8243;][\/et_pb_column][\/et_pb_row][\/et_pb_section]","protected":false},"excerpt":{"rendered":"<p>[et_pb_section fb_built=&#8220;1&#8243; fullwidth=&#8220;on&#8220; _builder_version=&#8220;4.7.6&#8243; _module_preset=&#8220;default&#8220;][et_pb_fullwidth_slider _builder_version=&#8220;4.7.6&#8243; _module_preset=&#8220;default&#8220; min_height=&#8220;600px&#8220; hover_enabled=&#8220;0&#8243; height=&#8220;600px&#8220; sticky_enabled=&#8220;0&#8243;][et_pb_slide admin_title=&#8220;Slider 1&#8243; _builder_version=&#8220;4.7.6&#8243; _module_preset=&#8220;default&#8220; background_enable_color=&#8220;off&#8220; background_image=&#8220;https:\/\/www.teambananenflanke.de\/offenbach\/wp-content\/uploads\/2025\/03\/gruppenbild.jpg&#8220; background_enable_image=&#8220;on&#8220; hover_enabled=&#8220;0&#8243; sticky_transition=&#8220;on&#8220; title_text=&#8220;gruppenbild&#8220; sticky_enabled=&#8220;0&#8243;][\/et_pb_slide][\/et_pb_fullwidth_slider][\/et_pb_section][et_pb_section fb_built=&#8220;1&#8243; admin_label=&#8220;section&#8220; _builder_version=&#8220;3.22&#8243;][et_pb_row admin_label=&#8220;row&#8220; _builder_version=&#8220;3.25&#8243; background_size=&#8220;initial&#8220; background_position=&#8220;top_left&#8220; background_repeat=&#8220;repeat&#8220;][et_pb_column type=&#8220;4_4&#8243; _builder_version=&#8220;3.25&#8243; custom_padding=&#8220;|||&#8220; custom_padding__hover=&#8220;|||&#8220;][et_pb_text admin_label=&#8220;Text&#8220; _builder_version=&#8220;4.7.6&#8243; background_size=&#8220;initial&#8220; background_position=&#8220;top_left&#8220; background_repeat=&#8220;repeat&#8220; hover_enabled=&#8220;0&#8243; sticky_enabled=&#8220;0&#8243;] Werden Sie Partner \u2013 Gemeinsam f\u00fcr mehr Inklusion! Das Team Bananenflanke Offenbach e.V. steht [&hellip;]<\/p>\n","protected":false},"author":1,"featured_media":0,"parent":0,"menu_order":0,"comment_status":"closed","ping_status":"closed","template":"","meta":{"_et_pb_use_builder":"on","_et_pb_old_content":"<!-- wp:paragraph -->\n<p>Dies ist eine Beispiel-Seite. Sie unterscheidet sich von Beitr\u00e4gen, da sie stets an derselben Stelle bleibt und (bei den meisten Themes) in der Website-Navigation angezeigt wird. Die meisten starten mit einem Impressum, der Datenschutzerkl\u00e4rung oder einer \u201e\u00dcber\u00a0uns\u201c-Seite, um sich potenziellen Besuchern der Website vorzustellen. Dort k\u00f6nnte zum Beispiel stehen:<\/p>\n<!-- \/wp:paragraph -->\n\n<!-- wp:quote -->\n<blockquote class=\"wp-block-quote\"><p>Hallo! Tags\u00fcber arbeite ich als Fahrradkurier, nachts bin ich ein aufstrebender Schauspieler und dies hier ist meine Website. Ich lebe in Berlin, habe einen gro\u00dfen Hund namens Jack, mag Pi&#241;a Coladas, jedoch weniger (ohne Schirm) im Regen stehen gelassen zu werden.<\/p><\/blockquote>\n<!-- \/wp:quote -->\n\n<!-- wp:paragraph -->\n<p>...\u00a0oder so etwas wie:<\/p>\n<!-- \/wp:paragraph -->\n\n<!-- wp:quote -->\n<blockquote class=\"wp-block-quote\"><p>Das Unternehmen XYZ wurde 1971 gegr\u00fcndet und versorgt die \u00d6ffentlichkeit seither mit qualitativ hochwertigen Produkten. An seinem Standort in einer kleinen Gro\u00dfstadt besch\u00e4ftigt der Betrieb \u00fcber 2.000 Menschen und unterst\u00fctzt die Stadtbewohner in vielfacher Hinsicht.<\/p><\/blockquote>\n<!-- \/wp:quote -->\n\n<!-- wp:paragraph -->\n<p>Als neuer WordPress-Benutzer solltest du <a href=\"https:\/\/www.teambananenflanke.de\/offenbach\/wp-admin\/\">dein Dashboard<\/a> aufrufen, um diese Seite zu l\u00f6schen und neue Seiten und Beitr\u00e4ge f\u00fcr deine Website erstellen. Viel Spa\u00df!<\/p>\n<!-- \/wp:paragraph -->","_et_gb_content_width":"","footnotes":""},"class_list":["post-41","page","type-page","status-publish","hentry"],"yoast_head":"<!-- This site is optimized with the Yoast SEO plugin v27.4 - https:\/\/yoast.com\/product\/yoast-seo-wordpress\/ -->\n<title>Sponsoren - Team Bananenflanke\u00ae Offenbach e.V.<\/title>\n<meta name=\"description\" content=\"Unsere Sponsoren unterst\u00fctzen das Team Bananenflanke Offenbach. Erfahre mehr \u00fcber unsere Partner und wie du selbst Sponsor werden kannst.\" \/>\n<meta name=\"robots\" content=\"index, follow, max-snippet:-1, max-image-preview:large, max-video-preview:-1\" \/>\n<link rel=\"canonical\" href=\"https:\/\/www.team-bananenflanke.de\/offenbach\/sponsoren\/\" \/>\n<meta property=\"og:locale\" content=\"de_DE\" \/>\n<meta property=\"og:type\" content=\"article\" \/>\n<meta property=\"og:title\" content=\"Sponsoren - Team Bananenflanke\u00ae Offenbach e.V.\" \/>\n<meta property=\"og:description\" content=\"Unsere Sponsoren unterst\u00fctzen das Team Bananenflanke Offenbach. Erfahre mehr \u00fcber unsere Partner und wie du selbst Sponsor werden kannst.\" \/>\n<meta property=\"og:url\" content=\"https:\/\/www.team-bananenflanke.de\/offenbach\/sponsoren\/\" \/>\n<meta property=\"og:site_name\" content=\"Team Bananenflanke\u00ae Offenbach e.V.\" \/>\n<meta property=\"article:modified_time\" content=\"2025-12-08T15:24:34+00:00\" \/>\n<meta name=\"twitter:card\" content=\"summary_large_image\" \/>\n<meta name=\"twitter:label1\" content=\"Gesch\u00e4tzte Lesezeit\" \/>\n\t<meta name=\"twitter:data1\" content=\"2\u00a0Minuten\" \/>\n<script type=\"application\/ld+json\" class=\"yoast-schema-graph\">{\"@context\":\"https:\\\/\\\/schema.org\",\"@graph\":[{\"@type\":\"WebPage\",\"@id\":\"https:\\\/\\\/www.team-bananenflanke.de\\\/offenbach\\\/sponsoren\\\/\",\"url\":\"https:\\\/\\\/www.team-bananenflanke.de\\\/offenbach\\\/sponsoren\\\/\",\"name\":\"Sponsoren - Team Bananenflanke\u00ae Offenbach e.V.\",\"isPartOf\":{\"@id\":\"https:\\\/\\\/www.team-bananenflanke.de\\\/offenbach\\\/#website\"},\"datePublished\":\"2023-12-26T21:07:51+00:00\",\"dateModified\":\"2025-12-08T15:24:34+00:00\",\"description\":\"Unsere Sponsoren unterst\u00fctzen das Team Bananenflanke Offenbach. Erfahre mehr \u00fcber unsere Partner und wie du selbst Sponsor werden kannst.\",\"breadcrumb\":{\"@id\":\"https:\\\/\\\/www.team-bananenflanke.de\\\/offenbach\\\/sponsoren\\\/#breadcrumb\"},\"inLanguage\":\"de\",\"potentialAction\":[{\"@type\":\"ReadAction\",\"target\":[\"https:\\\/\\\/www.team-bananenflanke.de\\\/offenbach\\\/sponsoren\\\/\"]}]},{\"@type\":\"BreadcrumbList\",\"@id\":\"https:\\\/\\\/www.team-bananenflanke.de\\\/offenbach\\\/sponsoren\\\/#breadcrumb\",\"itemListElement\":[{\"@type\":\"ListItem\",\"position\":1,\"name\":\"Startseite\",\"item\":\"https:\\\/\\\/www.team-bananenflanke.de\\\/offenbach\\\/\"},{\"@type\":\"ListItem\",\"position\":2,\"name\":\"Sponsoren\"}]},{\"@type\":\"WebSite\",\"@id\":\"https:\\\/\\\/www.team-bananenflanke.de\\\/offenbach\\\/#website\",\"url\":\"https:\\\/\\\/www.team-bananenflanke.de\\\/offenbach\\\/\",\"name\":\"Team Bananenflanke\u00ae Offenbach e.V.\",\"description\":\"Fu\u00dfball kennt keine Grenzen!\",\"potentialAction\":[{\"@type\":\"SearchAction\",\"target\":{\"@type\":\"EntryPoint\",\"urlTemplate\":\"https:\\\/\\\/www.team-bananenflanke.de\\\/offenbach\\\/?s={search_term_string}\"},\"query-input\":{\"@type\":\"PropertyValueSpecification\",\"valueRequired\":true,\"valueName\":\"search_term_string\"}}],\"inLanguage\":\"de\"}]}<\/script>\n<!-- \/ Yoast SEO plugin. -->","yoast_head_json":{"title":"Sponsoren - Team Bananenflanke\u00ae Offenbach e.V.","description":"Unsere Sponsoren unterst\u00fctzen das Team Bananenflanke Offenbach. Erfahre mehr \u00fcber unsere Partner und wie du selbst Sponsor werden kannst.","robots":{"index":"index","follow":"follow","max-snippet":"max-snippet:-1","max-image-preview":"max-image-preview:large","max-video-preview":"max-video-preview:-1"},"canonical":"https:\/\/www.team-bananenflanke.de\/offenbach\/sponsoren\/","og_locale":"de_DE","og_type":"article","og_title":"Sponsoren - Team Bananenflanke\u00ae Offenbach e.V.","og_description":"Unsere Sponsoren unterst\u00fctzen das Team Bananenflanke Offenbach. Erfahre mehr \u00fcber unsere Partner und wie du selbst Sponsor werden kannst.","og_url":"https:\/\/www.team-bananenflanke.de\/offenbach\/sponsoren\/","og_site_name":"Team Bananenflanke\u00ae Offenbach e.V.","article_modified_time":"2025-12-08T15:24:34+00:00","twitter_card":"summary_large_image","twitter_misc":{"Gesch\u00e4tzte Lesezeit":"2\u00a0Minuten"},"schema":{"@context":"https:\/\/schema.org","@graph":[{"@type":"WebPage","@id":"https:\/\/www.team-bananenflanke.de\/offenbach\/sponsoren\/","url":"https:\/\/www.team-bananenflanke.de\/offenbach\/sponsoren\/","name":"Sponsoren - Team Bananenflanke\u00ae Offenbach e.V.","isPartOf":{"@id":"https:\/\/www.team-bananenflanke.de\/offenbach\/#website"},"datePublished":"2023-12-26T21:07:51+00:00","dateModified":"2025-12-08T15:24:34+00:00","description":"Unsere Sponsoren unterst\u00fctzen das Team Bananenflanke Offenbach. Erfahre mehr \u00fcber unsere Partner und wie du selbst Sponsor werden kannst.","breadcrumb":{"@id":"https:\/\/www.team-bananenflanke.de\/offenbach\/sponsoren\/#breadcrumb"},"inLanguage":"de","potentialAction":[{"@type":"ReadAction","target":["https:\/\/www.team-bananenflanke.de\/offenbach\/sponsoren\/"]}]},{"@type":"BreadcrumbList","@id":"https:\/\/www.team-bananenflanke.de\/offenbach\/sponsoren\/#breadcrumb","itemListElement":[{"@type":"ListItem","position":1,"name":"Startseite","item":"https:\/\/www.team-bananenflanke.de\/offenbach\/"},{"@type":"ListItem","position":2,"name":"Sponsoren"}]},{"@type":"WebSite","@id":"https:\/\/www.team-bananenflanke.de\/offenbach\/#website","url":"https:\/\/www.team-bananenflanke.de\/offenbach\/","name":"Team Bananenflanke\u00ae Offenbach e.V.","description":"Fu\u00dfball kennt keine Grenzen!","potentialAction":[{"@type":"SearchAction","target":{"@type":"EntryPoint","urlTemplate":"https:\/\/www.team-bananenflanke.de\/offenbach\/?s={search_term_string}"},"query-input":{"@type":"PropertyValueSpecification","valueRequired":true,"valueName":"search_term_string"}}],"inLanguage":"de"}]}},"_links":{"self":[{"href":"https:\/\/www.team-bananenflanke.de\/offenbach\/wp-json\/wp\/v2\/pages\/41","targetHints":{"allow":["GET"]}}],"collection":[{"href":"https:\/\/www.team-bananenflanke.de\/offenbach\/wp-json\/wp\/v2\/pages"}],"about":[{"href":"https:\/\/www.team-bananenflanke.de\/offenbach\/wp-json\/wp\/v2\/types\/page"}],"author":[{"embeddable":true,"href":"https:\/\/www.team-bananenflanke.de\/offenbach\/wp-json\/wp\/v2\/users\/1"}],"replies":[{"embeddable":true,"href":"https:\/\/www.team-bananenflanke.de\/offenbach\/wp-json\/wp\/v2\/comments?post=41"}],"version-history":[{"count":2,"href":"https:\/\/www.team-bananenflanke.de\/offenbach\/wp-json\/wp\/v2\/pages\/41\/revisions"}],"predecessor-version":[{"id":73,"href":"https:\/\/www.team-bananenflanke.de\/offenbach\/wp-json\/wp\/v2\/pages\/41\/revisions\/73"}],"wp:attachment":[{"href":"https:\/\/www.team-bananenflanke.de\/offenbach\/wp-json\/wp\/v2\/media?parent=41"}],"curies":[{"name":"wp","href":"https:\/\/api.w.org\/{rel}","templated":true}]}}