{"id":37,"date":"2023-12-26T22:06:19","date_gmt":"2023-12-26T21:06:19","guid":{"rendered":"https:\/\/www.teambananenflanke.de\/offenbach\/?page_id=37"},"modified":"2025-12-08T16:25:37","modified_gmt":"2025-12-08T15:25:37","slug":"spenden","status":"publish","type":"page","link":"https:\/\/www.team-bananenflanke.de\/offenbach\/spenden\/","title":{"rendered":"Spenden"},"content":{"rendered":"[et_pb_section fb_built=&#8220;1&#8243; fullwidth=&#8220;on&#8220; _builder_version=&#8220;4.7.6&#8243; _module_preset=&#8220;default&#8220;][et_pb_fullwidth_slider _builder_version=&#8220;4.7.6&#8243; _module_preset=&#8220;default&#8220; min_height=&#8220;600px&#8220; hover_enabled=&#8220;0&#8243; height=&#8220;600px&#8220; sticky_enabled=&#8220;0&#8243;][et_pb_slide admin_title=&#8220;Slider 1&#8243; _builder_version=&#8220;4.7.6&#8243; _module_preset=&#8220;default&#8220; background_enable_color=&#8220;off&#8220; background_image=&#8220;https:\/\/www.teambananenflanke.de\/offenbach\/wp-content\/uploads\/2025\/03\/gruppenbild.jpg&#8220; background_enable_image=&#8220;on&#8220; hover_enabled=&#8220;0&#8243; sticky_transition=&#8220;on&#8220; title_text=&#8220;gruppenbild&#8220; sticky_enabled=&#8220;0&#8243;][\/et_pb_slide][\/et_pb_fullwidth_slider][\/et_pb_section][et_pb_section fb_built=&#8220;1&#8243; admin_label=&#8220;section&#8220; _builder_version=&#8220;3.22&#8243;][et_pb_row admin_label=&#8220;row&#8220; _builder_version=&#8220;3.25&#8243; background_size=&#8220;initial&#8220; background_position=&#8220;top_left&#8220; background_repeat=&#8220;repeat&#8220;][et_pb_column type=&#8220;4_4&#8243; _builder_version=&#8220;3.25&#8243; custom_padding=&#8220;|||&#8220; custom_padding__hover=&#8220;|||&#8220;][et_pb_text admin_label=&#8220;Text&#8220; _builder_version=&#8220;4.7.6&#8243; background_size=&#8220;initial&#8220; background_position=&#8220;top_left&#8220; background_repeat=&#8220;repeat&#8220; hover_enabled=&#8220;0&#8243; sticky_enabled=&#8220;0&#8243;]<p><\/p>\n<h1>Deine Spende f\u00fcr mehr Fu\u00dfball, Freude und Inklusion!<\/h1>\n<p data-start=\"144\" data-end=\"461\" class=\"\">Das <strong data-start=\"148\" data-end=\"185\">Team Bananenflanke Offenbach e.V.<\/strong> bringt Kinder und Jugendliche mit geistiger Beeintr\u00e4chtigung auf den Fu\u00dfballplatz \u2013 mit Herz, Leidenschaft und einem einzigartigen Konzept. Damit wir weiterhin Training, Turniere und unvergessliche Erlebnisse erm\u00f6glichen k\u00f6nnen, sind wir auf deine Unterst\u00fctzung angewiesen!<\/p>\n<p data-start=\"463\" data-end=\"665\" class=\"\">Jede Spende hilft uns, Ausr\u00fcstung, Trainingsmaterialien und Veranstaltungen zu finanzieren. Gemeinsam schaffen wir ein inklusives Umfeld, in dem unsere Spieler*innen wachsen und Erfolge feiern k\u00f6nnen.<\/p>\n<h3 data-start=\"667\" data-end=\"698\" class=\"\"><strong data-start=\"671\" data-end=\"696\">So kannst du spenden:<\/strong><\/h3>\n<p data-start=\"699\" data-end=\"832\" class=\"\">\ud83d\udd39 <strong data-start=\"702\" data-end=\"716\">Empf\u00e4nger:<\/strong> Team Bananenflanke Offenbach e.V.<br data-start=\"750\" data-end=\"753\" \/> \ud83d\udd39 <strong data-start=\"756\" data-end=\"765\">Bank:<\/strong> Frankfurter Sparkasse<br data-start=\"787\" data-end=\"790\" \/> \ud83d\udd39 <strong data-start=\"793\" data-end=\"802\">IBAN:<\/strong> DE28 5005 0201 0200 7604 40<\/p>\n<p data-start=\"834\" data-end=\"929\" class=\"\">\ud83d\udc9b <strong data-start=\"837\" data-end=\"859\">Jede Spende z\u00e4hlt!<\/strong> Mit deiner Unterst\u00fctzung machst du den Fu\u00dfball f\u00fcr alle zug\u00e4nglich.<\/p>\n<p data-start=\"931\" data-end=\"969\" class=\"\"><strong data-start=\"931\" data-end=\"963\">Vielen Dank f\u00fcr deine Hilfe!<\/strong> \u26bd\ud83d\ude4f<\/p>\n<p><\/p>[\/et_pb_text][\/et_pb_column][\/et_pb_row][\/et_pb_section]","protected":false},"excerpt":{"rendered":"<p>[et_pb_section fb_built=&#8220;1&#8243; fullwidth=&#8220;on&#8220; _builder_version=&#8220;4.7.6&#8243; _module_preset=&#8220;default&#8220;][et_pb_fullwidth_slider _builder_version=&#8220;4.7.6&#8243; _module_preset=&#8220;default&#8220; min_height=&#8220;600px&#8220; hover_enabled=&#8220;0&#8243; height=&#8220;600px&#8220; sticky_enabled=&#8220;0&#8243;][et_pb_slide admin_title=&#8220;Slider 1&#8243; _builder_version=&#8220;4.7.6&#8243; _module_preset=&#8220;default&#8220; background_enable_color=&#8220;off&#8220; background_image=&#8220;https:\/\/www.teambananenflanke.de\/offenbach\/wp-content\/uploads\/2025\/03\/gruppenbild.jpg&#8220; background_enable_image=&#8220;on&#8220; hover_enabled=&#8220;0&#8243; sticky_transition=&#8220;on&#8220; title_text=&#8220;gruppenbild&#8220; sticky_enabled=&#8220;0&#8243;][\/et_pb_slide][\/et_pb_fullwidth_slider][\/et_pb_section][et_pb_section fb_built=&#8220;1&#8243; admin_label=&#8220;section&#8220; _builder_version=&#8220;3.22&#8243;][et_pb_row admin_label=&#8220;row&#8220; _builder_version=&#8220;3.25&#8243; background_size=&#8220;initial&#8220; background_position=&#8220;top_left&#8220; background_repeat=&#8220;repeat&#8220;][et_pb_column type=&#8220;4_4&#8243; _builder_version=&#8220;3.25&#8243; custom_padding=&#8220;|||&#8220; custom_padding__hover=&#8220;|||&#8220;][et_pb_text admin_label=&#8220;Text&#8220; _builder_version=&#8220;4.7.6&#8243; background_size=&#8220;initial&#8220; background_position=&#8220;top_left&#8220; background_repeat=&#8220;repeat&#8220; hover_enabled=&#8220;0&#8243; sticky_enabled=&#8220;0&#8243;] Deine Spende f\u00fcr mehr Fu\u00dfball, Freude und Inklusion! Das Team Bananenflanke Offenbach e.V. bringt [&hellip;]<\/p>\n","protected":false},"author":1,"featured_media":0,"parent":0,"menu_order":0,"comment_status":"closed","ping_status":"closed","template":"","meta":{"_et_pb_use_builder":"on","_et_pb_old_content":"<!-- wp:paragraph -->\n<p>Dies ist eine Beispiel-Seite. Sie unterscheidet sich von Beitr\u00e4gen, da sie stets an derselben Stelle bleibt und (bei den meisten Themes) in der Website-Navigation angezeigt wird. Die meisten starten mit einem Impressum, der Datenschutzerkl\u00e4rung oder einer \u201e\u00dcber\u00a0uns\u201c-Seite, um sich potenziellen Besuchern der Website vorzustellen. Dort k\u00f6nnte zum Beispiel stehen:<\/p>\n<!-- \/wp:paragraph -->\n\n<!-- wp:quote -->\n<blockquote class=\"wp-block-quote\"><p>Hallo! Tags\u00fcber arbeite ich als Fahrradkurier, nachts bin ich ein aufstrebender Schauspieler und dies hier ist meine Website. Ich lebe in Berlin, habe einen gro\u00dfen Hund namens Jack, mag Pi&#241;a Coladas, jedoch weniger (ohne Schirm) im Regen stehen gelassen zu werden.<\/p><\/blockquote>\n<!-- \/wp:quote -->\n\n<!-- wp:paragraph -->\n<p>...\u00a0oder so etwas wie:<\/p>\n<!-- \/wp:paragraph -->\n\n<!-- wp:quote -->\n<blockquote class=\"wp-block-quote\"><p>Das Unternehmen XYZ wurde 1971 gegr\u00fcndet und versorgt die \u00d6ffentlichkeit seither mit qualitativ hochwertigen Produkten. An seinem Standort in einer kleinen Gro\u00dfstadt besch\u00e4ftigt der Betrieb \u00fcber 2.000 Menschen und unterst\u00fctzt die Stadtbewohner in vielfacher Hinsicht.<\/p><\/blockquote>\n<!-- \/wp:quote -->\n\n<!-- wp:paragraph -->\n<p>Als neuer WordPress-Benutzer solltest du <a href=\"https:\/\/www.teambananenflanke.de\/offenbach\/wp-admin\/\">dein Dashboard<\/a> aufrufen, um diese Seite zu l\u00f6schen und neue Seiten und Beitr\u00e4ge f\u00fcr deine Website erstellen. Viel Spa\u00df!<\/p>\n<!-- \/wp:paragraph -->","_et_gb_content_width":"","footnotes":""},"class_list":["post-37","page","type-page","status-publish","hentry"],"yoast_head":"<!-- This site is optimized with the Yoast SEO plugin v27.4 - https:\/\/yoast.com\/product\/yoast-seo-wordpress\/ -->\n<title>Spenden - Team Bananenflanke\u00ae Offenbach e.V.<\/title>\n<meta name=\"description\" content=\"Unterst\u00fctze das Team Bananenflanke Offenbach mit einer Spende. Hilf uns, inklusiven Fu\u00dfball f\u00fcr Kinder und Jugendliche zu f\u00f6rdern.\" \/>\n<meta name=\"robots\" content=\"index, follow, max-snippet:-1, max-image-preview:large, max-video-preview:-1\" \/>\n<link rel=\"canonical\" href=\"https:\/\/www.team-bananenflanke.de\/offenbach\/spenden\/\" \/>\n<meta property=\"og:locale\" content=\"de_DE\" \/>\n<meta property=\"og:type\" content=\"article\" \/>\n<meta property=\"og:title\" content=\"Spenden - Team Bananenflanke\u00ae Offenbach e.V.\" \/>\n<meta property=\"og:description\" content=\"Unterst\u00fctze das Team Bananenflanke Offenbach mit einer Spende. Hilf uns, inklusiven Fu\u00dfball f\u00fcr Kinder und Jugendliche zu f\u00f6rdern.\" \/>\n<meta property=\"og:url\" content=\"https:\/\/www.team-bananenflanke.de\/offenbach\/spenden\/\" \/>\n<meta property=\"og:site_name\" content=\"Team Bananenflanke\u00ae Offenbach e.V.\" \/>\n<meta property=\"article:modified_time\" content=\"2025-12-08T15:25:37+00:00\" \/>\n<meta name=\"twitter:card\" content=\"summary_large_image\" \/>\n<meta name=\"twitter:label1\" content=\"Gesch\u00e4tzte Lesezeit\" \/>\n\t<meta name=\"twitter:data1\" content=\"1\u00a0Minute\" \/>\n<script type=\"application\/ld+json\" class=\"yoast-schema-graph\">{\"@context\":\"https:\\\/\\\/schema.org\",\"@graph\":[{\"@type\":\"WebPage\",\"@id\":\"https:\\\/\\\/www.team-bananenflanke.de\\\/offenbach\\\/spenden\\\/\",\"url\":\"https:\\\/\\\/www.team-bananenflanke.de\\\/offenbach\\\/spenden\\\/\",\"name\":\"Spenden - Team Bananenflanke\u00ae Offenbach e.V.\",\"isPartOf\":{\"@id\":\"https:\\\/\\\/www.team-bananenflanke.de\\\/offenbach\\\/#website\"},\"datePublished\":\"2023-12-26T21:06:19+00:00\",\"dateModified\":\"2025-12-08T15:25:37+00:00\",\"description\":\"Unterst\u00fctze das Team Bananenflanke Offenbach mit einer Spende. Hilf uns, inklusiven Fu\u00dfball f\u00fcr Kinder und Jugendliche zu f\u00f6rdern.\",\"breadcrumb\":{\"@id\":\"https:\\\/\\\/www.team-bananenflanke.de\\\/offenbach\\\/spenden\\\/#breadcrumb\"},\"inLanguage\":\"de\",\"potentialAction\":[{\"@type\":\"ReadAction\",\"target\":[\"https:\\\/\\\/www.team-bananenflanke.de\\\/offenbach\\\/spenden\\\/\"]}]},{\"@type\":\"BreadcrumbList\",\"@id\":\"https:\\\/\\\/www.team-bananenflanke.de\\\/offenbach\\\/spenden\\\/#breadcrumb\",\"itemListElement\":[{\"@type\":\"ListItem\",\"position\":1,\"name\":\"Startseite\",\"item\":\"https:\\\/\\\/www.team-bananenflanke.de\\\/offenbach\\\/\"},{\"@type\":\"ListItem\",\"position\":2,\"name\":\"Spenden\"}]},{\"@type\":\"WebSite\",\"@id\":\"https:\\\/\\\/www.team-bananenflanke.de\\\/offenbach\\\/#website\",\"url\":\"https:\\\/\\\/www.team-bananenflanke.de\\\/offenbach\\\/\",\"name\":\"Team Bananenflanke\u00ae Offenbach e.V.\",\"description\":\"Fu\u00dfball kennt keine Grenzen!\",\"potentialAction\":[{\"@type\":\"SearchAction\",\"target\":{\"@type\":\"EntryPoint\",\"urlTemplate\":\"https:\\\/\\\/www.team-bananenflanke.de\\\/offenbach\\\/?s={search_term_string}\"},\"query-input\":{\"@type\":\"PropertyValueSpecification\",\"valueRequired\":true,\"valueName\":\"search_term_string\"}}],\"inLanguage\":\"de\"}]}<\/script>\n<!-- \/ Yoast SEO plugin. -->","yoast_head_json":{"title":"Spenden - Team Bananenflanke\u00ae Offenbach e.V.","description":"Unterst\u00fctze das Team Bananenflanke Offenbach mit einer Spende. Hilf uns, inklusiven Fu\u00dfball f\u00fcr Kinder und Jugendliche zu f\u00f6rdern.","robots":{"index":"index","follow":"follow","max-snippet":"max-snippet:-1","max-image-preview":"max-image-preview:large","max-video-preview":"max-video-preview:-1"},"canonical":"https:\/\/www.team-bananenflanke.de\/offenbach\/spenden\/","og_locale":"de_DE","og_type":"article","og_title":"Spenden - Team Bananenflanke\u00ae Offenbach e.V.","og_description":"Unterst\u00fctze das Team Bananenflanke Offenbach mit einer Spende. Hilf uns, inklusiven Fu\u00dfball f\u00fcr Kinder und Jugendliche zu f\u00f6rdern.","og_url":"https:\/\/www.team-bananenflanke.de\/offenbach\/spenden\/","og_site_name":"Team Bananenflanke\u00ae Offenbach e.V.","article_modified_time":"2025-12-08T15:25:37+00:00","twitter_card":"summary_large_image","twitter_misc":{"Gesch\u00e4tzte Lesezeit":"1\u00a0Minute"},"schema":{"@context":"https:\/\/schema.org","@graph":[{"@type":"WebPage","@id":"https:\/\/www.team-bananenflanke.de\/offenbach\/spenden\/","url":"https:\/\/www.team-bananenflanke.de\/offenbach\/spenden\/","name":"Spenden - Team Bananenflanke\u00ae Offenbach e.V.","isPartOf":{"@id":"https:\/\/www.team-bananenflanke.de\/offenbach\/#website"},"datePublished":"2023-12-26T21:06:19+00:00","dateModified":"2025-12-08T15:25:37+00:00","description":"Unterst\u00fctze das Team Bananenflanke Offenbach mit einer Spende. Hilf uns, inklusiven Fu\u00dfball f\u00fcr Kinder und Jugendliche zu f\u00f6rdern.","breadcrumb":{"@id":"https:\/\/www.team-bananenflanke.de\/offenbach\/spenden\/#breadcrumb"},"inLanguage":"de","potentialAction":[{"@type":"ReadAction","target":["https:\/\/www.team-bananenflanke.de\/offenbach\/spenden\/"]}]},{"@type":"BreadcrumbList","@id":"https:\/\/www.team-bananenflanke.de\/offenbach\/spenden\/#breadcrumb","itemListElement":[{"@type":"ListItem","position":1,"name":"Startseite","item":"https:\/\/www.team-bananenflanke.de\/offenbach\/"},{"@type":"ListItem","position":2,"name":"Spenden"}]},{"@type":"WebSite","@id":"https:\/\/www.team-bananenflanke.de\/offenbach\/#website","url":"https:\/\/www.team-bananenflanke.de\/offenbach\/","name":"Team Bananenflanke\u00ae Offenbach e.V.","description":"Fu\u00dfball kennt keine Grenzen!","potentialAction":[{"@type":"SearchAction","target":{"@type":"EntryPoint","urlTemplate":"https:\/\/www.team-bananenflanke.de\/offenbach\/?s={search_term_string}"},"query-input":{"@type":"PropertyValueSpecification","valueRequired":true,"valueName":"search_term_string"}}],"inLanguage":"de"}]}},"_links":{"self":[{"href":"https:\/\/www.team-bananenflanke.de\/offenbach\/wp-json\/wp\/v2\/pages\/37","targetHints":{"allow":["GET"]}}],"collection":[{"href":"https:\/\/www.team-bananenflanke.de\/offenbach\/wp-json\/wp\/v2\/pages"}],"about":[{"href":"https:\/\/www.team-bananenflanke.de\/offenbach\/wp-json\/wp\/v2\/types\/page"}],"author":[{"embeddable":true,"href":"https:\/\/www.team-bananenflanke.de\/offenbach\/wp-json\/wp\/v2\/users\/1"}],"replies":[{"embeddable":true,"href":"https:\/\/www.team-bananenflanke.de\/offenbach\/wp-json\/wp\/v2\/comments?post=37"}],"version-history":[{"count":2,"href":"https:\/\/www.team-bananenflanke.de\/offenbach\/wp-json\/wp\/v2\/pages\/37\/revisions"}],"predecessor-version":[{"id":68,"href":"https:\/\/www.team-bananenflanke.de\/offenbach\/wp-json\/wp\/v2\/pages\/37\/revisions\/68"}],"wp:attachment":[{"href":"https:\/\/www.team-bananenflanke.de\/offenbach\/wp-json\/wp\/v2\/media?parent=37"}],"curies":[{"name":"wp","href":"https:\/\/api.w.org\/{rel}","templated":true}]}}