{"id":2,"date":"2023-12-26T21:04:47","date_gmt":"2023-12-26T20:04:47","guid":{"rendered":"https:\/\/www.teambananenflanke.de\/offenbach\/?page_id=2"},"modified":"2025-12-08T16:27:43","modified_gmt":"2025-12-08T15:27:43","slug":"home","status":"publish","type":"page","link":"https:\/\/www.team-bananenflanke.de\/offenbach\/","title":{"rendered":"Home"},"content":{"rendered":"[et_pb_section fb_built=&#8220;1&#8243; fullwidth=&#8220;on&#8220; _builder_version=&#8220;4.7.6&#8243; _module_preset=&#8220;default&#8220;][et_pb_fullwidth_slider _builder_version=&#8220;4.7.6&#8243; _module_preset=&#8220;default&#8220; min_height=&#8220;600px&#8220; height=&#8220;600px&#8220;][et_pb_slide _builder_version=&#8220;4.7.6&#8243; _module_preset=&#8220;default&#8220; background_enable_color=&#8220;off&#8220; background_image=&#8220;https:\/\/www.teambananenflanke.de\/offenbach\/wp-content\/uploads\/2025\/03\/gruppenbild.jpg&#8220; background_enable_image=&#8220;on&#8220; sticky_transition=&#8220;on&#8220;][\/et_pb_slide][\/et_pb_fullwidth_slider][\/et_pb_section][et_pb_section fb_built=&#8220;1&#8243; admin_label=&#8220;section&#8220; _builder_version=&#8220;3.22&#8243;][et_pb_row admin_label=&#8220;row&#8220; _builder_version=&#8220;3.25&#8243; background_size=&#8220;initial&#8220; background_position=&#8220;top_left&#8220; background_repeat=&#8220;repeat&#8220;][et_pb_column type=&#8220;4_4&#8243; _builder_version=&#8220;3.25&#8243; custom_padding=&#8220;|||&#8220; custom_padding__hover=&#8220;|||&#8220;][et_pb_text admin_label=&#8220;Text&#8220; _builder_version=&#8220;4.7.6&#8243; background_size=&#8220;initial&#8220; background_position=&#8220;top_left&#8220; background_repeat=&#8220;repeat&#8220; custom_padding=&#8220;0px|||||&#8220; hover_enabled=&#8220;0&#8243; sticky_enabled=&#8220;0&#8243;]<p><\/p>\n<h1>Hallo und herzlich willkommen auf unserer Website!<\/h1>\n<p><\/p>\n[\/et_pb_text][\/et_pb_column][\/et_pb_row][et_pb_row _builder_version=&#8220;4.7.6&#8243; _module_preset=&#8220;default&#8220; column_structure=&#8220;1_2,1_2&#8243;][et_pb_column _builder_version=&#8220;4.7.6&#8243; _module_preset=&#8220;default&#8220; type=&#8220;1_2&#8243;][et_pb_text admin_label=&#8220;Text&#8220; _builder_version=&#8220;4.7.6&#8243; background_size=&#8220;initial&#8220; background_position=&#8220;top_left&#8220; background_repeat=&#8220;repeat&#8220; custom_padding=&#8220;0px|||||&#8220; hover_enabled=&#8220;0&#8243; sticky_enabled=&#8220;0&#8243;]<p><\/p>\n<p data-start=\"144\" data-end=\"204\" class=\"\"><strong data-start=\"144\" data-end=\"202\">Fu\u00dfball verbindet, Fu\u00dfball begeistert, Fu\u00dfball st\u00e4rkt!<\/strong><\/p>\n<p data-start=\"206\" data-end=\"498\" class=\"\">Das <strong data-start=\"210\" data-end=\"242\">Team Bananenflanke Offenbach<\/strong> ist mehr als nur ein Fu\u00dfballverein \u2013 wir sind eine Gemeinschaft, die Kindern und Jugendlichen mit geistiger Beeintr\u00e4chtigung die M\u00f6glichkeit gibt, Teil eines echten Teams zu sein. Bei uns steht der Spa\u00df am Spiel im Vordergrund, ganz ohne Leistungsdruck.<\/p>\n<p data-start=\"500\" data-end=\"814\" class=\"\">Mit unserer einzigartigen Fu\u00dfballliga bieten wir ein sicheres und inklusives Umfeld, in dem sich unsere Spieler*innen sportlich und pers\u00f6nlich weiterentwickeln k\u00f6nnen. Durch regelm\u00e4\u00dfiges Training, spannende Turniere und ein starkes Miteinander f\u00f6rdern wir Selbstbewusstsein, Teamgeist und Freude an der Bewegung.<\/p>\n<h3 data-start=\"816\" data-end=\"866\" class=\"\"><strong data-start=\"820\" data-end=\"864\">Komm ins Team \u2013 erlebe Fu\u00dfball mit Herz!<\/strong><\/h3>\n<p data-start=\"867\" data-end=\"1054\" class=\"\">Ob als Spieler<em data-start=\"881\" data-end=\"899\">in, Unterst\u00fctzer<\/em>in oder Sponsor \u2013 wir freuen uns \u00fcber jeden, der Teil unserer Mission werden m\u00f6chte. Gemeinsam machen wir Offenbach noch ein St\u00fcck bunter und lebendiger!<\/p>\n<p><\/p>\n[\/et_pb_text][\/et_pb_column][et_pb_column _builder_version=&#8220;4.7.6&#8243; _module_preset=&#8220;default&#8220; type=&#8220;1_2&#8243;][et_pb_image src=&#8220;https:\/\/www.teambananenflanke.de\/offenbach\/wp-content\/uploads\/2025\/07\/teambild.jpg&#8220; _builder_version=&#8220;4.7.6&#8243; _module_preset=&#8220;default&#8220; title_text=&#8220;teambild&#8220; hover_enabled=&#8220;0&#8243; sticky_enabled=&#8220;0&#8243;][\/et_pb_image][\/et_pb_column][\/et_pb_row][et_pb_row _builder_version=&#8220;4.7.6&#8243; _module_preset=&#8220;default&#8220;][et_pb_column _builder_version=&#8220;4.7.6&#8243; _module_preset=&#8220;default&#8220; type=&#8220;4_4&#8243;][et_pb_text _builder_version=&#8220;4.7.6&#8243; _module_preset=&#8220;default&#8220; hover_enabled=&#8220;0&#8243; sticky_enabled=&#8220;0&#8243;]<p>Nach Ostern beginnen wir mit unserem Training auf dem Sportplatz im Sana-Sportpark Wiener Ring in Offenbach. Unsere Trainingszeiten sind von 10 Uhr bis 10:45 Uhr f\u00fcr die Gruppe unter 14 Jahre, ab 10:45 bis 12 Uhr f\u00fcr die \u00e4lteren Spieler.<\/p>\n<p>Unsere Trainingstage:\u00a0<span style=\"font-size: 14px;\">26.04.2025,\u00a0<\/span><span style=\"font-size: 14px;\">10.05.2025,\u00a0<\/span><span style=\"font-size: 14px;\">24.05.2025,\u00a0<\/span><span style=\"font-size: 14px;\">07.06.2025,\u00a0<\/span><span style=\"font-size: 14px;\">21.06.2025,\u00a0<\/span><span style=\"font-size: 14px;\">05.07.2025 &#8211; Sommerferien<\/span><\/p>\n<p>16.08.2025,\u00a0<span style=\"font-size: 14px;\">30.08.2025,\u00a0<\/span><span style=\"font-size: 14px;\">13.09.2025<\/span><\/p>\n<p>27.09.2025 &#8211; Herbstferien danach beginnt unsere Hallensaison im Soccer-Point Sprendlinger Landstra\u00dfe 240 in Offenbach.\u00a0<br \/>Unsere Trainingszeiten sind von 10 Uhr bis 10:45 Uhr f\u00fcr die Gruppe unter 14 Jahre, ab 10:45 bis 12 Uhr f\u00fcr die \u00e4lteren Spieler.<\/p>\n<p>Unsere Trainingstage:\u00a0<span style=\"font-size: 14px;\">25.10.2025,\u00a0<\/span><span style=\"font-size: 14px;\">08.11.2025,\u00a0<\/span><span style=\"font-size: 14px;\">22.11.2025,\u00a0<\/span><span style=\"font-size: 14px;\">06.12.2025<\/span><\/p>\n<p>20.12.2025 Beide Gruppen trainieren gemeinsam von 10:30 bis 12 Uhr. Anschlie\u00dfend treffen wir uns in der Pizzeria zu unserer Weihnachtsfeier und Jahresabschlu\u00df.<\/p>[\/et_pb_text][\/et_pb_column][\/et_pb_row][\/et_pb_section]","protected":false},"excerpt":{"rendered":"<p>[et_pb_section fb_built=&#8220;1&#8243; fullwidth=&#8220;on&#8220; _builder_version=&#8220;4.7.6&#8243; _module_preset=&#8220;default&#8220;][et_pb_fullwidth_slider _builder_version=&#8220;4.7.6&#8243; _module_preset=&#8220;default&#8220; min_height=&#8220;600px&#8220; height=&#8220;600px&#8220;][et_pb_slide _builder_version=&#8220;4.7.6&#8243; _module_preset=&#8220;default&#8220; background_enable_color=&#8220;off&#8220; background_image=&#8220;https:\/\/www.teambananenflanke.de\/offenbach\/wp-content\/uploads\/2025\/03\/gruppenbild.jpg&#8220; background_enable_image=&#8220;on&#8220; sticky_transition=&#8220;on&#8220;][\/et_pb_slide][\/et_pb_fullwidth_slider][\/et_pb_section][et_pb_section fb_built=&#8220;1&#8243; admin_label=&#8220;section&#8220; _builder_version=&#8220;3.22&#8243;][et_pb_row admin_label=&#8220;row&#8220; _builder_version=&#8220;3.25&#8243; background_size=&#8220;initial&#8220; background_position=&#8220;top_left&#8220; background_repeat=&#8220;repeat&#8220;][et_pb_column type=&#8220;4_4&#8243; _builder_version=&#8220;3.25&#8243; custom_padding=&#8220;|||&#8220; custom_padding__hover=&#8220;|||&#8220;][et_pb_text admin_label=&#8220;Text&#8220; _builder_version=&#8220;4.7.6&#8243; background_size=&#8220;initial&#8220; background_position=&#8220;top_left&#8220; background_repeat=&#8220;repeat&#8220; custom_padding=&#8220;0px|||||&#8220; hover_enabled=&#8220;0&#8243; sticky_enabled=&#8220;0&#8243;] Hallo und herzlich willkommen auf unserer Website! [\/et_pb_text][\/et_pb_column][\/et_pb_row][et_pb_row _builder_version=&#8220;4.7.6&#8243; _module_preset=&#8220;default&#8220; column_structure=&#8220;1_2,1_2&#8243;][et_pb_column _builder_version=&#8220;4.7.6&#8243; _module_preset=&#8220;default&#8220; type=&#8220;1_2&#8243;][et_pb_text admin_label=&#8220;Text&#8220; _builder_version=&#8220;4.7.6&#8243; background_size=&#8220;initial&#8220; background_position=&#8220;top_left&#8220; background_repeat=&#8220;repeat&#8220; custom_padding=&#8220;0px|||||&#8220; [&hellip;]<\/p>\n","protected":false},"author":1,"featured_media":0,"parent":0,"menu_order":0,"comment_status":"closed","ping_status":"closed","template":"","meta":{"_et_pb_use_builder":"on","_et_pb_old_content":"<!-- wp:paragraph -->\n<p>Dies ist eine Beispiel-Seite. Sie unterscheidet sich von Beitr\u00e4gen, da sie stets an derselben Stelle bleibt und (bei den meisten Themes) in der Website-Navigation angezeigt wird. Die meisten starten mit einem Impressum, der Datenschutzerkl\u00e4rung oder einer \u201e\u00dcber\u00a0uns\u201c-Seite, um sich potenziellen Besuchern der Website vorzustellen. Dort k\u00f6nnte zum Beispiel stehen:<\/p>\n<!-- \/wp:paragraph -->\n\n<!-- wp:quote -->\n<blockquote class=\"wp-block-quote\"><p>Hallo! Tags\u00fcber arbeite ich als Fahrradkurier, nachts bin ich ein aufstrebender Schauspieler und dies hier ist meine Website. Ich lebe in Berlin, habe einen gro\u00dfen Hund namens Jack, mag Pi&#241;a Coladas, jedoch weniger (ohne Schirm) im Regen stehen gelassen zu werden.<\/p><\/blockquote>\n<!-- \/wp:quote -->\n\n<!-- wp:paragraph -->\n<p>...\u00a0oder so etwas wie:<\/p>\n<!-- \/wp:paragraph -->\n\n<!-- wp:quote -->\n<blockquote class=\"wp-block-quote\"><p>Das Unternehmen XYZ wurde 1971 gegr\u00fcndet und versorgt die \u00d6ffentlichkeit seither mit qualitativ hochwertigen Produkten. An seinem Standort in einer kleinen Gro\u00dfstadt besch\u00e4ftigt der Betrieb \u00fcber 2.000 Menschen und unterst\u00fctzt die Stadtbewohner in vielfacher Hinsicht.<\/p><\/blockquote>\n<!-- \/wp:quote -->\n\n<!-- wp:paragraph -->\n<p>Als neuer WordPress-Benutzer solltest du <a href=\"https:\/\/www.teambananenflanke.de\/offenbach\/wp-admin\/\">dein Dashboard<\/a> aufrufen, um diese Seite zu l\u00f6schen und neue Seiten und Beitr\u00e4ge f\u00fcr deine Website erstellen. Viel Spa\u00df!<\/p>\n<!-- \/wp:paragraph -->","_et_gb_content_width":"","footnotes":""},"class_list":["post-2","page","type-page","status-publish","hentry"],"yoast_head":"<!-- This site is optimized with the Yoast SEO plugin v27.4 - https:\/\/yoast.com\/product\/yoast-seo-wordpress\/ -->\n<title>Home - Team Bananenflanke\u00ae Offenbach e.V.<\/title>\n<meta name=\"description\" content=\"Willkommen beim Team Bananenflanke Offenbach! Erfahre alles \u00fcber unseren inklusiven Fu\u00dfball, Veranstaltungen und Mitmachm\u00f6glichkeiten.\" \/>\n<meta name=\"robots\" content=\"index, follow, max-snippet:-1, max-image-preview:large, max-video-preview:-1\" \/>\n<link rel=\"canonical\" href=\"https:\/\/www.team-bananenflanke.de\/offenbach\/\" \/>\n<meta property=\"og:locale\" content=\"de_DE\" \/>\n<meta property=\"og:type\" content=\"article\" \/>\n<meta property=\"og:title\" content=\"Home - Team Bananenflanke\u00ae Offenbach e.V.\" \/>\n<meta property=\"og:description\" content=\"Willkommen beim Team Bananenflanke Offenbach! Erfahre alles \u00fcber unseren inklusiven Fu\u00dfball, Veranstaltungen und Mitmachm\u00f6glichkeiten.\" \/>\n<meta property=\"og:url\" content=\"https:\/\/www.team-bananenflanke.de\/offenbach\/\" \/>\n<meta property=\"og:site_name\" content=\"Team Bananenflanke\u00ae Offenbach e.V.\" \/>\n<meta property=\"article:modified_time\" content=\"2025-12-08T15:27:43+00:00\" \/>\n<meta name=\"twitter:card\" content=\"summary_large_image\" \/>\n<meta name=\"twitter:label1\" content=\"Gesch\u00e4tzte Lesezeit\" \/>\n\t<meta name=\"twitter:data1\" content=\"2\u00a0Minuten\" \/>\n<script type=\"application\/ld+json\" class=\"yoast-schema-graph\">{\"@context\":\"https:\\\/\\\/schema.org\",\"@graph\":[{\"@type\":\"WebPage\",\"@id\":\"https:\\\/\\\/www.team-bananenflanke.de\\\/offenbach\\\/\",\"url\":\"https:\\\/\\\/www.team-bananenflanke.de\\\/offenbach\\\/\",\"name\":\"Home - Team Bananenflanke\u00ae Offenbach e.V.\",\"isPartOf\":{\"@id\":\"https:\\\/\\\/www.team-bananenflanke.de\\\/offenbach\\\/#website\"},\"datePublished\":\"2023-12-26T20:04:47+00:00\",\"dateModified\":\"2025-12-08T15:27:43+00:00\",\"description\":\"Willkommen beim Team Bananenflanke Offenbach! Erfahre alles \u00fcber unseren inklusiven Fu\u00dfball, Veranstaltungen und Mitmachm\u00f6glichkeiten.\",\"breadcrumb\":{\"@id\":\"https:\\\/\\\/www.team-bananenflanke.de\\\/offenbach\\\/#breadcrumb\"},\"inLanguage\":\"de\",\"potentialAction\":[{\"@type\":\"ReadAction\",\"target\":[\"https:\\\/\\\/www.team-bananenflanke.de\\\/offenbach\\\/\"]}]},{\"@type\":\"BreadcrumbList\",\"@id\":\"https:\\\/\\\/www.team-bananenflanke.de\\\/offenbach\\\/#breadcrumb\",\"itemListElement\":[{\"@type\":\"ListItem\",\"position\":1,\"name\":\"Startseite\",\"item\":\"https:\\\/\\\/www.team-bananenflanke.de\\\/offenbach\\\/\"},{\"@type\":\"ListItem\",\"position\":2,\"name\":\"Home\"}]},{\"@type\":\"WebSite\",\"@id\":\"https:\\\/\\\/www.team-bananenflanke.de\\\/offenbach\\\/#website\",\"url\":\"https:\\\/\\\/www.team-bananenflanke.de\\\/offenbach\\\/\",\"name\":\"Team Bananenflanke\u00ae Offenbach e.V.\",\"description\":\"Fu\u00dfball kennt keine Grenzen!\",\"potentialAction\":[{\"@type\":\"SearchAction\",\"target\":{\"@type\":\"EntryPoint\",\"urlTemplate\":\"https:\\\/\\\/www.team-bananenflanke.de\\\/offenbach\\\/?s={search_term_string}\"},\"query-input\":{\"@type\":\"PropertyValueSpecification\",\"valueRequired\":true,\"valueName\":\"search_term_string\"}}],\"inLanguage\":\"de\"}]}<\/script>\n<!-- \/ Yoast SEO plugin. -->","yoast_head_json":{"title":"Home - Team Bananenflanke\u00ae Offenbach e.V.","description":"Willkommen beim Team Bananenflanke Offenbach! Erfahre alles \u00fcber unseren inklusiven Fu\u00dfball, Veranstaltungen und Mitmachm\u00f6glichkeiten.","robots":{"index":"index","follow":"follow","max-snippet":"max-snippet:-1","max-image-preview":"max-image-preview:large","max-video-preview":"max-video-preview:-1"},"canonical":"https:\/\/www.team-bananenflanke.de\/offenbach\/","og_locale":"de_DE","og_type":"article","og_title":"Home - Team Bananenflanke\u00ae Offenbach e.V.","og_description":"Willkommen beim Team Bananenflanke Offenbach! Erfahre alles \u00fcber unseren inklusiven Fu\u00dfball, Veranstaltungen und Mitmachm\u00f6glichkeiten.","og_url":"https:\/\/www.team-bananenflanke.de\/offenbach\/","og_site_name":"Team Bananenflanke\u00ae Offenbach e.V.","article_modified_time":"2025-12-08T15:27:43+00:00","twitter_card":"summary_large_image","twitter_misc":{"Gesch\u00e4tzte Lesezeit":"2\u00a0Minuten"},"schema":{"@context":"https:\/\/schema.org","@graph":[{"@type":"WebPage","@id":"https:\/\/www.team-bananenflanke.de\/offenbach\/","url":"https:\/\/www.team-bananenflanke.de\/offenbach\/","name":"Home - Team Bananenflanke\u00ae Offenbach e.V.","isPartOf":{"@id":"https:\/\/www.team-bananenflanke.de\/offenbach\/#website"},"datePublished":"2023-12-26T20:04:47+00:00","dateModified":"2025-12-08T15:27:43+00:00","description":"Willkommen beim Team Bananenflanke Offenbach! Erfahre alles \u00fcber unseren inklusiven Fu\u00dfball, Veranstaltungen und Mitmachm\u00f6glichkeiten.","breadcrumb":{"@id":"https:\/\/www.team-bananenflanke.de\/offenbach\/#breadcrumb"},"inLanguage":"de","potentialAction":[{"@type":"ReadAction","target":["https:\/\/www.team-bananenflanke.de\/offenbach\/"]}]},{"@type":"BreadcrumbList","@id":"https:\/\/www.team-bananenflanke.de\/offenbach\/#breadcrumb","itemListElement":[{"@type":"ListItem","position":1,"name":"Startseite","item":"https:\/\/www.team-bananenflanke.de\/offenbach\/"},{"@type":"ListItem","position":2,"name":"Home"}]},{"@type":"WebSite","@id":"https:\/\/www.team-bananenflanke.de\/offenbach\/#website","url":"https:\/\/www.team-bananenflanke.de\/offenbach\/","name":"Team Bananenflanke\u00ae Offenbach e.V.","description":"Fu\u00dfball kennt keine Grenzen!","potentialAction":[{"@type":"SearchAction","target":{"@type":"EntryPoint","urlTemplate":"https:\/\/www.team-bananenflanke.de\/offenbach\/?s={search_term_string}"},"query-input":{"@type":"PropertyValueSpecification","valueRequired":true,"valueName":"search_term_string"}}],"inLanguage":"de"}]}},"_links":{"self":[{"href":"https:\/\/www.team-bananenflanke.de\/offenbach\/wp-json\/wp\/v2\/pages\/2","targetHints":{"allow":["GET"]}}],"collection":[{"href":"https:\/\/www.team-bananenflanke.de\/offenbach\/wp-json\/wp\/v2\/pages"}],"about":[{"href":"https:\/\/www.team-bananenflanke.de\/offenbach\/wp-json\/wp\/v2\/types\/page"}],"author":[{"embeddable":true,"href":"https:\/\/www.team-bananenflanke.de\/offenbach\/wp-json\/wp\/v2\/users\/1"}],"replies":[{"embeddable":true,"href":"https:\/\/www.team-bananenflanke.de\/offenbach\/wp-json\/wp\/v2\/comments?post=2"}],"version-history":[{"count":6,"href":"https:\/\/www.team-bananenflanke.de\/offenbach\/wp-json\/wp\/v2\/pages\/2\/revisions"}],"predecessor-version":[{"id":85,"href":"https:\/\/www.team-bananenflanke.de\/offenbach\/wp-json\/wp\/v2\/pages\/2\/revisions\/85"}],"wp:attachment":[{"href":"https:\/\/www.team-bananenflanke.de\/offenbach\/wp-json\/wp\/v2\/media?parent=2"}],"curies":[{"name":"wp","href":"https:\/\/api.w.org\/{rel}","templated":true}]}}