{"id":34,"date":"2023-12-18T13:21:48","date_gmt":"2023-12-18T12:21:48","guid":{"rendered":"https:\/\/www.teambananenflanke.de\/nordoberpfalz\/?page_id=34"},"modified":"2026-02-19T08:15:33","modified_gmt":"2026-02-19T07:15:33","slug":"mitglied-werden-team-bananenflanke-nordoberpfalz","status":"publish","type":"page","link":"https:\/\/www.team-bananenflanke.de\/nordoberpfalz\/mitglied-werden-team-bananenflanke-nordoberpfalz\/","title":{"rendered":"Mitglied werden"},"content":{"rendered":"<p>[et_pb_section fb_built=&#8220;1&#8243; fullwidth=&#8220;on&#8220; _builder_version=&#8220;4.7.6&#8243; _module_preset=&#8220;default&#8220; locked=&#8220;off&#8220;][et_pb_fullwidth_slider _builder_version=&#8220;4.7.6&#8243; _module_preset=&#8220;default&#8220; height=&#8220;600px&#8220; height_tablet=&#8220;420px&#8220; height_phone=&#8220;420px&#8220; height_last_edited=&#8220;on|phone&#8220;][et_pb_slide admin_title=&#8220;Slider 1&#8243; image_tablet=&#8220;&#8220; image_phone=&#8220;&#8220; image_last_edited=&#8220;on|desktop&#8220; content_tablet=&#8220;&#8220; content_phone=&#8220;&#8220; content_last_edited=&#8220;on|phone&#8220; _builder_version=&#8220;4.7.6&#8243; _module_preset=&#8220;default&#8220; background_enable_color=&#8220;off&#8220; background_image=&#8220;https:\/\/www.team-bananenflanke.de\/nordoberpfalz\/wp-content\/uploads\/2026\/02\/2026_BF_Headerbilder_1920x650\u2013Spenden.png&#8220; background_enable_image=&#8220;on&#8220; sticky_transition=&#8220;on&#8220;][\/et_pb_slide][\/et_pb_fullwidth_slider][\/et_pb_section][et_pb_section fb_built=&#8220;1&#8243; admin_label=&#8220;section&#8220; _builder_version=&#8220;3.22&#8243; locked=&#8220;off&#8220;][et_pb_row _builder_version=&#8220;4.7.6&#8243; _module_preset=&#8220;default&#8220;][et_pb_column type=&#8220;4_4&#8243; _builder_version=&#8220;4.7.6&#8243; _module_preset=&#8220;default&#8220;][et_pb_text _builder_version=&#8220;4.7.6&#8243; _module_preset=&#8220;default&#8220; text_line_height=&#8220;2em&#8220; header_font=&#8220;|800||on|||||&#8220; header_text_color=&#8220;#000000&#8243; header_line_height=&#8220;1.3em&#8220;]<\/p>\n<h1 style=\"text-align: center;\">Mitglied werden beim Team Bananenflanke Nordoberpfalz<\/h1>\n<p>[\/et_pb_text][\/et_pb_column][\/et_pb_row][et_pb_row _builder_version=&#8220;4.7.6&#8243; _module_preset=&#8220;default&#8220; custom_margin=&#8220;||50px||false|false&#8220;][et_pb_column type=&#8220;4_4&#8243; _builder_version=&#8220;4.7.6&#8243; _module_preset=&#8220;default&#8220;][et_pb_text _builder_version=&#8220;4.7.6&#8243; _module_preset=&#8220;default&#8220; text_font_size=&#8220;16px&#8220; text_line_height=&#8220;1.8em&#8220; custom_margin=&#8220;-30px||||false|false&#8220;]<\/p>\n<p style=\"text-align: center;\"><strong>Gemeinsam Fu\u00dfball erleben \u2013 inklusiv, fair und mit Herz.<\/strong><\/p>\n<p style=\"text-align: center;\">Beim Team Bananenflanke Nordoberpfalz k\u00f6nnen Kinder und Jugendliche mit geistiger Beeintr\u00e4chtigung aktiv am Training teilnehmen.<br data-start=\"1341\" data-end=\"1344\" \/> Zudem freuen wir uns \u00fcber F\u00f6rdermitglieder, die unsere Arbeit regelm\u00e4\u00dfig unterst\u00fctzen.<\/p>\n<p>[\/et_pb_text][\/et_pb_column][\/et_pb_row][et_pb_row column_structure=&#8220;1_2,1_2&#8243; _builder_version=&#8220;4.7.6&#8243; _module_preset=&#8220;default&#8220;][et_pb_column type=&#8220;1_2&#8243; _builder_version=&#8220;4.7.6&#8243; _module_preset=&#8220;default&#8220;][et_pb_blurb title=&#8220;Aktive Mitgliedschaft&#8220; image=&#8220;https:\/\/www.team-bananenflanke.de\/nordoberpfalz\/wp-content\/uploads\/2026\/02\/Aktive-Mitgliedschaft.png&#8220; _builder_version=&#8220;4.7.6&#8243; _module_preset=&#8220;default&#8220; header_font=&#8220;|700||on|||||&#8220; header_text_align=&#8220;center&#8220; header_text_color=&#8220;#000000&#8243; header_font_size=&#8220;20px&#8220; body_text_align=&#8220;center&#8220; body_font_size=&#8220;16px&#8220; body_line_height=&#8220;1.8em&#8220;]<\/p>\n<p>F\u00fcr Kinder und Jugendliche, die am Training und Spielbetrieb teilnehmen m\u00f6chten.<\/p>\n<p>[\/et_pb_blurb][et_pb_button button_url=&#8220;@ET-DC@eyJkeW5hbWljIjp0cnVlLCJjb250ZW50IjoicG9zdF9saW5rX3VybF9hdHRhY2htZW50Iiwic2V0dGluZ3MiOnsicG9zdF9pZCI6IjY4In19@&#8220; button_text=&#8220;Jetzt Aktives Mitglied werden&#8220; button_alignment=&#8220;center&#8220; _builder_version=&#8220;4.7.6&#8243; _dynamic_attributes=&#8220;button_url&#8220; _module_preset=&#8220;default&#8220; custom_button=&#8220;on&#8220; button_text_size=&#8220;16px&#8220;][\/et_pb_button][\/et_pb_column][et_pb_column type=&#8220;1_2&#8243; _builder_version=&#8220;4.7.6&#8243; _module_preset=&#8220;default&#8220;][et_pb_blurb title=&#8220;F\u00f6rdermitgliedschaft&#8220; image=&#8220;https:\/\/www.team-bananenflanke.de\/nordoberpfalz\/wp-content\/uploads\/2026\/02\/Passive-Mitgliedschaft.png&#8220; _builder_version=&#8220;4.7.6&#8243; _module_preset=&#8220;default&#8220; header_font=&#8220;|700||on|||||&#8220; header_text_align=&#8220;center&#8220; header_text_color=&#8220;#000000&#8243; header_font_size=&#8220;20px&#8220; body_text_align=&#8220;center&#8220; body_font_size=&#8220;16px&#8220; body_line_height=&#8220;1.8em&#8220;]<\/p>\n<p>F\u00fcr alle, die unsere Vereinsarbeit finanziell unterst\u00fctzen m\u00f6chten. Wir freuen uns sehr \u00fcber Ihre Unterst\u00fctzung.<\/p>\n<p>[\/et_pb_blurb][et_pb_button button_url=&#8220;@ET-DC@eyJkeW5hbWljIjp0cnVlLCJjb250ZW50IjoicG9zdF9saW5rX3VybF9hdHRhY2htZW50Iiwic2V0dGluZ3MiOnsicG9zdF9pZCI6IjY5In19@&#8220; button_text=&#8220;Mitgliedsantrag passive Mitglieder&#8220; button_alignment=&#8220;center&#8220; _builder_version=&#8220;4.7.6&#8243; _dynamic_attributes=&#8220;button_url&#8220; _module_preset=&#8220;default&#8220; custom_button=&#8220;on&#8220; button_text_size=&#8220;16px&#8220;][\/et_pb_button][\/et_pb_column][\/et_pb_row][et_pb_row _builder_version=&#8220;4.7.6&#8243; _module_preset=&#8220;default&#8220;][et_pb_column type=&#8220;4_4&#8243; _builder_version=&#8220;4.7.6&#8243; _module_preset=&#8220;default&#8220;][et_pb_divider show_divider=&#8220;off&#8220; _builder_version=&#8220;4.7.6&#8243; _module_preset=&#8220;default&#8220;][\/et_pb_divider][\/et_pb_column][\/et_pb_row][et_pb_row _builder_version=&#8220;4.7.6&#8243; _module_preset=&#8220;default&#8220; background_color=&#8220;#ffd500&#8243; width=&#8220;100%&#8220; max_width=&#8220;2560px&#8220; custom_margin=&#8220;||||false|false&#8220; custom_padding=&#8220;80px||120px|0px|false|false&#8220;][et_pb_column type=&#8220;4_4&#8243; _builder_version=&#8220;4.7.6&#8243; _module_preset=&#8220;default&#8220;][et_pb_text _builder_version=&#8220;4.7.6&#8243; _module_preset=&#8220;default&#8220; header_font=&#8220;|800|||||||&#8220; header_text_color=&#8220;#000000&#8243; header_2_font=&#8220;|800||on|||||&#8220; header_2_text_align=&#8220;center&#8220; header_2_text_color=&#8220;#000000&#8243; custom_margin=&#8220;||2px||false|false&#8220;]<\/p>\n<h2 style=\"text-align: center;\"><span style=\"color: #000000;\"><strong>So f\u00fchlt sich Bananenflanke an<\/strong><\/span><\/h2>\n<p>[\/et_pb_text][et_pb_text _builder_version=&#8220;4.7.6&#8243; _module_preset=&#8220;default&#8220; text_font_size=&#8220;16px&#8220; text_orientation=&#8220;center&#8220;]<\/p>\n<p style=\"text-align: center;\"><span style=\"color: #000000;\">Hier geht es um leuchtende Augen, um Mut und um Teamgeist.<\/span><br data-start=\"1689\" data-end=\"1692\" \/><span style=\"color: #000000;\"> Erlebe, was Inklusion auf dem Spielfeld bedeutet.<\/span><\/p>\n<p>[\/et_pb_text][et_pb_video src=&#8220;https:\/\/youtu.be\/qBZwVB03TgA?si=ioUSgrERnneE8TZe&#8220; image_src=&#8220;https:\/\/www.team-bananenflanke.de\/nordoberpfalz\/wp-content\/uploads\/2026\/02\/2026_BF_Headerbilder_1920x892-\u2013-3.png&#8220; play_icon_color=&#8220;#ffd500&#8243; thumbnail_overlay_color=&#8220;rgba(0,0,0,0.6)&#8220; _builder_version=&#8220;4.7.6&#8243; _module_preset=&#8220;default&#8220; width=&#8220;50%&#8220; width_tablet=&#8220;&#8220; width_phone=&#8220;89%&#8220; width_last_edited=&#8220;on|desktop&#8220; module_alignment=&#8220;center&#8220; custom_margin=&#8220;30px||||false|false&#8220;][\/et_pb_video][et_pb_button button_url=&#8220;https:\/\/www.team-bananenflanke.de\/nordoberpfalz\/sei-dabei\/&#8220; button_text=&#8220;Jetzt Teil des Teams werden&#8220; button_alignment=&#8220;center&#8220; _builder_version=&#8220;4.7.6&#8243; _module_preset=&#8220;default&#8220; custom_button=&#8220;on&#8220; button_text_size=&#8220;16px&#8220; button_text_color=&#8220;#000000&#8243; button_font=&#8220;|600|||||||&#8220;][\/et_pb_button][\/et_pb_column][\/et_pb_row][et_pb_row _builder_version=&#8220;4.7.6&#8243; _module_preset=&#8220;default&#8220;][et_pb_column type=&#8220;4_4&#8243; _builder_version=&#8220;4.7.6&#8243; _module_preset=&#8220;default&#8220;][et_pb_divider show_divider=&#8220;off&#8220; _builder_version=&#8220;4.7.6&#8243; _module_preset=&#8220;default&#8220; custom_margin=&#8220;15px||15px||false|false&#8220;][\/et_pb_divider][\/et_pb_column][\/et_pb_row][et_pb_row column_structure=&#8220;1_3,2_3&#8243; _builder_version=&#8220;4.7.6&#8243; _module_preset=&#8220;default&#8220; background_color=&#8220;#ffd500&#8243; custom_margin=&#8220;0px||||false|false&#8220; custom_padding=&#8220;30px|30px|30px|30px|false|false&#8220;][et_pb_column type=&#8220;1_3&#8243; _builder_version=&#8220;4.7.6&#8243; _module_preset=&#8220;default&#8220;][et_pb_image src=&#8220;https:\/\/www.team-bananenflanke.de\/nordoberpfalz\/wp-content\/uploads\/2026\/02\/2026_BF_Visual_900x900-\u2013-6.png&#8220; title_text=&#8220;2026_BF_Visual_900x900 \u2013 6&#8243; _builder_version=&#8220;4.7.6&#8243; _module_preset=&#8220;default&#8220;][\/et_pb_image][\/et_pb_column][et_pb_column type=&#8220;2_3&#8243; _builder_version=&#8220;4.7.6&#8243; _module_preset=&#8220;default&#8220;][et_pb_text _builder_version=&#8220;4.7.6&#8243; _module_preset=&#8220;default&#8220; header_font=&#8220;|||on|||||&#8220; header_2_font=&#8220;|800||on|||||&#8220; header_2_text_color=&#8220;#000000&#8243; custom_margin=&#8220;30px||||false|false&#8220;]<\/p>\n<h2>Training &amp; Spieltage<\/h2>\n<p>[\/et_pb_text][et_pb_text _builder_version=&#8220;4.7.6&#8243; _module_preset=&#8220;default&#8220; text_font_size=&#8220;16px&#8220; text_line_height=&#8220;1.8em&#8220;]<\/p>\n<p><span style=\"color: #000000;\">Unsere Trainings finden regelm\u00e4\u00dfig in Neustadt an der Waldnaab statt.<\/span><br data-start=\"2432\" data-end=\"2435\" \/><span style=\"color: #000000;\"> Zus\u00e4tzlich nehmen wir an regionalen Spieltagen und Turnieren teil.<\/span><\/p>\n<p>[\/et_pb_text][et_pb_button button_url=&#8220;https:\/\/www.team-bananenflanke.de\/nordoberpfalz\/spielplan-termine-team-bananenflanke-nordoberpfalz\/&#8220; button_text=&#8220;Zum aktuellen Spielplan&#8220; _builder_version=&#8220;4.7.6&#8243; _module_preset=&#8220;default&#8220; custom_button=&#8220;on&#8220; button_text_size=&#8220;16px&#8220; button_text_color=&#8220;#000000&#8243; button_font=&#8220;|600|||||||&#8220; custom_margin=&#8220;50px||||false|false&#8220;][\/et_pb_button][\/et_pb_column][\/et_pb_row][et_pb_row _builder_version=&#8220;4.7.6&#8243; _module_preset=&#8220;default&#8220;][et_pb_column type=&#8220;4_4&#8243; _builder_version=&#8220;4.7.6&#8243; _module_preset=&#8220;default&#8220;][et_pb_divider show_divider=&#8220;off&#8220; _builder_version=&#8220;4.7.6&#8243; _module_preset=&#8220;default&#8220; custom_margin=&#8220;15px||15px||false|false&#8220;][\/et_pb_divider][\/et_pb_column][\/et_pb_row][\/et_pb_section]<\/p>\n","protected":false},"excerpt":{"rendered":"<p>[et_pb_section fb_built=&#8220;1&#8243; fullwidth=&#8220;on&#8220; _builder_version=&#8220;4.7.6&#8243; _module_preset=&#8220;default&#8220; locked=&#8220;off&#8220;][et_pb_fullwidth_slider _builder_version=&#8220;4.7.6&#8243; _module_preset=&#8220;default&#8220; height=&#8220;600px&#8220; height_tablet=&#8220;420px&#8220; height_phone=&#8220;420px&#8220; height_last_edited=&#8220;on|phone&#8220;][et_pb_slide admin_title=&#8220;Slider 1&#8243; image_tablet=&#8220;&#8220; image_phone=&#8220;&#8220; image_last_edited=&#8220;on|desktop&#8220; content_tablet=&#8220;&#8220; content_phone=&#8220;&#8220; content_last_edited=&#8220;on|phone&#8220; _builder_version=&#8220;4.7.6&#8243; _module_preset=&#8220;default&#8220; background_enable_color=&#8220;off&#8220; background_image=&#8220;https:\/\/www.team-bananenflanke.de\/nordoberpfalz\/wp-content\/uploads\/2026\/02\/2026_BF_Headerbilder_1920x650\u2013Spenden.png&#8220; background_enable_image=&#8220;on&#8220; sticky_transition=&#8220;on&#8220;][\/et_pb_slide][\/et_pb_fullwidth_slider][\/et_pb_section][et_pb_section fb_built=&#8220;1&#8243; admin_label=&#8220;section&#8220; _builder_version=&#8220;3.22&#8243; locked=&#8220;off&#8220;][et_pb_row _builder_version=&#8220;4.7.6&#8243; _module_preset=&#8220;default&#8220;][et_pb_column type=&#8220;4_4&#8243; _builder_version=&#8220;4.7.6&#8243; _module_preset=&#8220;default&#8220;][et_pb_text _builder_version=&#8220;4.7.6&#8243; _module_preset=&#8220;default&#8220; text_line_height=&#8220;2em&#8220; header_font=&#8220;|800||on|||||&#8220; header_text_color=&#8220;#000000&#8243; header_line_height=&#8220;1.3em&#8220;] Mitglied werden beim Team Bananenflanke Nordoberpfalz [\/et_pb_text][\/et_pb_column][\/et_pb_row][et_pb_row _builder_version=&#8220;4.7.6&#8243; _module_preset=&#8220;default&#8220; custom_margin=&#8220;||50px||false|false&#8220;][et_pb_column type=&#8220;4_4&#8243; _builder_version=&#8220;4.7.6&#8243; _module_preset=&#8220;default&#8220;][et_pb_text _builder_version=&#8220;4.7.6&#8243; [&hellip;]<\/p>\n","protected":false},"author":1,"featured_media":0,"parent":0,"menu_order":0,"comment_status":"closed","ping_status":"open","template":"","meta":{"_et_pb_use_builder":"on","_et_pb_old_content":"<!-- wp:paragraph -->\r\n<p>Dies ist eine Beispiel-Seite. Sie unterscheidet sich von Beitr\u00e4gen, da sie stets an derselben Stelle bleibt und (bei den meisten Themes) in der Website-Navigation angezeigt wird. Die meisten starten mit einem Impressum, der Datenschutzerkl\u00e4rung oder einer \u201e\u00dcber\u00a0uns\u201c-Seite, um sich potenziellen Besuchern der Website vorzustellen. Dort k\u00f6nnte zum Beispiel stehen:<\/p>\r\n<!-- \/wp:paragraph -->\r\n\r\n<!-- wp:quote -->\r\n<blockquote class=\"wp-block-quote\"><p>Hallo! Tags\u00fcber arbeite ich als Fahrradkurier, nachts bin ich ein aufstrebender Schauspieler und dies hier ist meine Website. Ich lebe in Berlin, habe einen gro\u00dfen Hund namens Jack, mag Pi\u00f1a Coladas, jedoch weniger (ohne Schirm) im Regen stehen gelassen zu werden.<\/p><\/blockquote>\r\n<!-- \/wp:quote -->\r\n\r\n<!-- wp:paragraph -->\r\n<p>...\u00a0oder so etwas wie:<\/p>\r\n<!-- \/wp:paragraph -->\r\n\r\n<!-- wp:quote -->\r\n<blockquote class=\"wp-block-quote\"><p>Das Unternehmen XYZ wurde 1971 gegr\u00fcndet und versorgt die \u00d6ffentlichkeit seither mit qualitativ hochwertigen Produkten. An seinem Standort in einer kleinen Gro\u00dfstadt besch\u00e4ftigt der Betrieb \u00fcber 2.000 Menschen und unterst\u00fctzt die Stadtbewohner in vielfacher Hinsicht.<\/p><\/blockquote>\r\n<!-- \/wp:quote -->\r\n\r\n<!-- wp:paragraph -->\r\n<p>Als neuer WordPress-Benutzer solltest du <a href=\"https:\/\/www.teambananenflanke.de\/nordoberpfalz\/wp-admin\/\">dein Dashboard<\/a> aufrufen, um diese Seite zu l\u00f6schen und neue Seiten und Beitr\u00e4ge f\u00fcr deine Website erstellen. Viel Spa\u00df!<\/p>\r\n<!-- \/wp:paragraph -->","_et_gb_content_width":"","footnotes":""},"class_list":["post-34","page","type-page","status-publish","hentry"],"yoast_head":"<!-- This site is optimized with the Yoast SEO plugin v27.5 - https:\/\/yoast.com\/product\/yoast-seo-wordpress\/ -->\n<title>Mitglied werden - Team Bananenflanke\u00ae Nordoberpfalz e.V.<\/title>\n<meta name=\"description\" content=\"Jetzt Mitglied beim Team Bananenflanke Nordoberpfalz e.V. werden \u2013 aktive Mitgliedschaft oder F\u00f6rdermitglied. Formular hier herunterladen.\" \/>\n<meta name=\"robots\" content=\"index, follow, max-snippet:-1, max-image-preview:large, max-video-preview:-1\" \/>\n<link rel=\"canonical\" href=\"https:\/\/www.team-bananenflanke.de\/nordoberpfalz\/mitglied-werden-team-bananenflanke-nordoberpfalz\/\" \/>\n<meta property=\"og:locale\" content=\"de_DE\" \/>\n<meta property=\"og:type\" content=\"article\" \/>\n<meta property=\"og:title\" content=\"Mitglied werden - Team Bananenflanke\u00ae Nordoberpfalz e.V.\" \/>\n<meta property=\"og:description\" content=\"Jetzt Mitglied beim Team Bananenflanke Nordoberpfalz e.V. werden \u2013 aktive Mitgliedschaft oder F\u00f6rdermitglied. Formular hier herunterladen.\" \/>\n<meta property=\"og:url\" content=\"https:\/\/www.team-bananenflanke.de\/nordoberpfalz\/mitglied-werden-team-bananenflanke-nordoberpfalz\/\" \/>\n<meta property=\"og:site_name\" content=\"Team Bananenflanke\u00ae Nordoberpfalz e.V.\" \/>\n<meta property=\"article:modified_time\" content=\"2026-02-19T07:15:33+00:00\" \/>\n<meta name=\"twitter:card\" content=\"summary_large_image\" \/>\n<meta name=\"twitter:label1\" content=\"Gesch\u00e4tzte Lesezeit\" \/>\n\t<meta name=\"twitter:data1\" content=\"2\u00a0Minuten\" \/>\n<script type=\"application\/ld+json\" class=\"yoast-schema-graph\">{\"@context\":\"https:\\\/\\\/schema.org\",\"@graph\":[{\"@type\":\"WebPage\",\"@id\":\"https:\\\/\\\/www.team-bananenflanke.de\\\/nordoberpfalz\\\/mitglied-werden-team-bananenflanke-nordoberpfalz\\\/\",\"url\":\"https:\\\/\\\/www.team-bananenflanke.de\\\/nordoberpfalz\\\/mitglied-werden-team-bananenflanke-nordoberpfalz\\\/\",\"name\":\"Mitglied werden - Team Bananenflanke\u00ae Nordoberpfalz e.V.\",\"isPartOf\":{\"@id\":\"https:\\\/\\\/www.team-bananenflanke.de\\\/nordoberpfalz\\\/#website\"},\"datePublished\":\"2023-12-18T12:21:48+00:00\",\"dateModified\":\"2026-02-19T07:15:33+00:00\",\"description\":\"Jetzt Mitglied beim Team Bananenflanke Nordoberpfalz e.V. werden \u2013 aktive Mitgliedschaft oder F\u00f6rdermitglied. Formular hier herunterladen.\",\"breadcrumb\":{\"@id\":\"https:\\\/\\\/www.team-bananenflanke.de\\\/nordoberpfalz\\\/mitglied-werden-team-bananenflanke-nordoberpfalz\\\/#breadcrumb\"},\"inLanguage\":\"de\",\"potentialAction\":[{\"@type\":\"ReadAction\",\"target\":[\"https:\\\/\\\/www.team-bananenflanke.de\\\/nordoberpfalz\\\/mitglied-werden-team-bananenflanke-nordoberpfalz\\\/\"]}]},{\"@type\":\"BreadcrumbList\",\"@id\":\"https:\\\/\\\/www.team-bananenflanke.de\\\/nordoberpfalz\\\/mitglied-werden-team-bananenflanke-nordoberpfalz\\\/#breadcrumb\",\"itemListElement\":[{\"@type\":\"ListItem\",\"position\":1,\"name\":\"Startseite\",\"item\":\"https:\\\/\\\/www.team-bananenflanke.de\\\/nordoberpfalz\\\/\"},{\"@type\":\"ListItem\",\"position\":2,\"name\":\"Mitglied werden\"}]},{\"@type\":\"WebSite\",\"@id\":\"https:\\\/\\\/www.team-bananenflanke.de\\\/nordoberpfalz\\\/#website\",\"url\":\"https:\\\/\\\/www.team-bananenflanke.de\\\/nordoberpfalz\\\/\",\"name\":\"Team Bananenflanke\u00ae Nordoberpfalz e.V.\",\"description\":\"Fu\u00dfball kennt keine Grenzen!\",\"potentialAction\":[{\"@type\":\"SearchAction\",\"target\":{\"@type\":\"EntryPoint\",\"urlTemplate\":\"https:\\\/\\\/www.team-bananenflanke.de\\\/nordoberpfalz\\\/?s={search_term_string}\"},\"query-input\":{\"@type\":\"PropertyValueSpecification\",\"valueRequired\":true,\"valueName\":\"search_term_string\"}}],\"inLanguage\":\"de\"}]}<\/script>\n<!-- \/ Yoast SEO plugin. -->","yoast_head_json":{"title":"Mitglied werden - Team Bananenflanke\u00ae Nordoberpfalz e.V.","description":"Jetzt Mitglied beim Team Bananenflanke Nordoberpfalz e.V. werden \u2013 aktive Mitgliedschaft oder F\u00f6rdermitglied. Formular hier herunterladen.","robots":{"index":"index","follow":"follow","max-snippet":"max-snippet:-1","max-image-preview":"max-image-preview:large","max-video-preview":"max-video-preview:-1"},"canonical":"https:\/\/www.team-bananenflanke.de\/nordoberpfalz\/mitglied-werden-team-bananenflanke-nordoberpfalz\/","og_locale":"de_DE","og_type":"article","og_title":"Mitglied werden - Team Bananenflanke\u00ae Nordoberpfalz e.V.","og_description":"Jetzt Mitglied beim Team Bananenflanke Nordoberpfalz e.V. werden \u2013 aktive Mitgliedschaft oder F\u00f6rdermitglied. Formular hier herunterladen.","og_url":"https:\/\/www.team-bananenflanke.de\/nordoberpfalz\/mitglied-werden-team-bananenflanke-nordoberpfalz\/","og_site_name":"Team Bananenflanke\u00ae Nordoberpfalz e.V.","article_modified_time":"2026-02-19T07:15:33+00:00","twitter_card":"summary_large_image","twitter_misc":{"Gesch\u00e4tzte Lesezeit":"2\u00a0Minuten"},"schema":{"@context":"https:\/\/schema.org","@graph":[{"@type":"WebPage","@id":"https:\/\/www.team-bananenflanke.de\/nordoberpfalz\/mitglied-werden-team-bananenflanke-nordoberpfalz\/","url":"https:\/\/www.team-bananenflanke.de\/nordoberpfalz\/mitglied-werden-team-bananenflanke-nordoberpfalz\/","name":"Mitglied werden - Team Bananenflanke\u00ae Nordoberpfalz e.V.","isPartOf":{"@id":"https:\/\/www.team-bananenflanke.de\/nordoberpfalz\/#website"},"datePublished":"2023-12-18T12:21:48+00:00","dateModified":"2026-02-19T07:15:33+00:00","description":"Jetzt Mitglied beim Team Bananenflanke Nordoberpfalz e.V. werden \u2013 aktive Mitgliedschaft oder F\u00f6rdermitglied. Formular hier herunterladen.","breadcrumb":{"@id":"https:\/\/www.team-bananenflanke.de\/nordoberpfalz\/mitglied-werden-team-bananenflanke-nordoberpfalz\/#breadcrumb"},"inLanguage":"de","potentialAction":[{"@type":"ReadAction","target":["https:\/\/www.team-bananenflanke.de\/nordoberpfalz\/mitglied-werden-team-bananenflanke-nordoberpfalz\/"]}]},{"@type":"BreadcrumbList","@id":"https:\/\/www.team-bananenflanke.de\/nordoberpfalz\/mitglied-werden-team-bananenflanke-nordoberpfalz\/#breadcrumb","itemListElement":[{"@type":"ListItem","position":1,"name":"Startseite","item":"https:\/\/www.team-bananenflanke.de\/nordoberpfalz\/"},{"@type":"ListItem","position":2,"name":"Mitglied werden"}]},{"@type":"WebSite","@id":"https:\/\/www.team-bananenflanke.de\/nordoberpfalz\/#website","url":"https:\/\/www.team-bananenflanke.de\/nordoberpfalz\/","name":"Team Bananenflanke\u00ae Nordoberpfalz e.V.","description":"Fu\u00dfball kennt keine Grenzen!","potentialAction":[{"@type":"SearchAction","target":{"@type":"EntryPoint","urlTemplate":"https:\/\/www.team-bananenflanke.de\/nordoberpfalz\/?s={search_term_string}"},"query-input":{"@type":"PropertyValueSpecification","valueRequired":true,"valueName":"search_term_string"}}],"inLanguage":"de"}]}},"_links":{"self":[{"href":"https:\/\/www.team-bananenflanke.de\/nordoberpfalz\/wp-json\/wp\/v2\/pages\/34","targetHints":{"allow":["GET"]}}],"collection":[{"href":"https:\/\/www.team-bananenflanke.de\/nordoberpfalz\/wp-json\/wp\/v2\/pages"}],"about":[{"href":"https:\/\/www.team-bananenflanke.de\/nordoberpfalz\/wp-json\/wp\/v2\/types\/page"}],"author":[{"embeddable":true,"href":"https:\/\/www.team-bananenflanke.de\/nordoberpfalz\/wp-json\/wp\/v2\/users\/1"}],"replies":[{"embeddable":true,"href":"https:\/\/www.team-bananenflanke.de\/nordoberpfalz\/wp-json\/wp\/v2\/comments?post=34"}],"version-history":[{"count":12,"href":"https:\/\/www.team-bananenflanke.de\/nordoberpfalz\/wp-json\/wp\/v2\/pages\/34\/revisions"}],"predecessor-version":[{"id":291,"href":"https:\/\/www.team-bananenflanke.de\/nordoberpfalz\/wp-json\/wp\/v2\/pages\/34\/revisions\/291"}],"wp:attachment":[{"href":"https:\/\/www.team-bananenflanke.de\/nordoberpfalz\/wp-json\/wp\/v2\/media?parent=34"}],"curies":[{"name":"wp","href":"https:\/\/api.w.org\/{rel}","templated":true}]}}