{"id":32,"date":"2023-12-18T13:12:10","date_gmt":"2023-12-18T12:12:10","guid":{"rendered":"https:\/\/www.teambananenflanke.de\/nordoberpfalz\/?page_id=32"},"modified":"2026-02-19T08:16:48","modified_gmt":"2026-02-19T07:16:48","slug":"spenden","status":"publish","type":"page","link":"https:\/\/www.team-bananenflanke.de\/nordoberpfalz\/spenden\/","title":{"rendered":"Spenden"},"content":{"rendered":"<p>[et_pb_section fb_built=&#8220;1&#8243; fullwidth=&#8220;on&#8220; _builder_version=&#8220;4.7.6&#8243; _module_preset=&#8220;default&#8220; locked=&#8220;off&#8220;][et_pb_fullwidth_slider _builder_version=&#8220;4.7.6&#8243; _module_preset=&#8220;default&#8220; height=&#8220;600px&#8220; height_tablet=&#8220;420px&#8220; height_phone=&#8220;420px&#8220; height_last_edited=&#8220;on|phone&#8220;][et_pb_slide admin_title=&#8220;Slider 1&#8243; image_tablet=&#8220;&#8220; image_phone=&#8220;&#8220; image_last_edited=&#8220;on|desktop&#8220; content_tablet=&#8220;&#8220; content_phone=&#8220;&#8220; content_last_edited=&#8220;on|phone&#8220; _builder_version=&#8220;4.7.6&#8243; _module_preset=&#8220;default&#8220; background_enable_color=&#8220;off&#8220; background_image=&#8220;https:\/\/www.team-bananenflanke.de\/nordoberpfalz\/wp-content\/uploads\/2026\/02\/2026_BF_Headerbilder_1920x650\u2013Spenden.png&#8220; background_enable_image=&#8220;on&#8220; sticky_transition=&#8220;on&#8220;][\/et_pb_slide][\/et_pb_fullwidth_slider][\/et_pb_section][et_pb_section fb_built=&#8220;1&#8243; admin_label=&#8220;section&#8220; _builder_version=&#8220;3.22&#8243;][et_pb_row admin_label=&#8220;row&#8220; _builder_version=&#8220;3.25&#8243; background_size=&#8220;initial&#8220; background_position=&#8220;top_left&#8220; background_repeat=&#8220;repeat&#8220;][et_pb_column type=&#8220;4_4&#8243; _builder_version=&#8220;3.25&#8243; custom_padding=&#8220;|||&#8220; custom_padding__hover=&#8220;|||&#8220;][et_pb_text admin_label=&#8220;Text&#8220; _builder_version=&#8220;4.7.6&#8243; text_font=&#8220;||||||||&#8220; header_font=&#8220;|800||on|||||&#8220; header_text_align=&#8220;center&#8220; background_size=&#8220;initial&#8220; background_position=&#8220;top_left&#8220; background_repeat=&#8220;repeat&#8220; hover_enabled=&#8220;0&#8243; header_text_color=&#8220;#000000&#8243; sticky_enabled=&#8220;0&#8243;]<\/p>\n<h1 style=\"text-align: center;\">Spenden f\u00fcr Team Bananenflanke Nordoberpfalz<\/h1>\n<p>[\/et_pb_text][\/et_pb_column][\/et_pb_row][et_pb_row _builder_version=&#8220;4.7.6&#8243; _module_preset=&#8220;default&#8220;][et_pb_column type=&#8220;4_4&#8243; _builder_version=&#8220;4.7.6&#8243; _module_preset=&#8220;default&#8220;][et_pb_text _builder_version=&#8220;4.7.6&#8243; _module_preset=&#8220;default&#8220; text_text_color=&#8220;#000000&#8243; text_font_size=&#8220;16px&#8220; text_line_height=&#8220;1.8em&#8220;]<\/p>\n<p style=\"text-align: center;\">Unterst\u00fctzen Sie Inklusion im Sport \u2013 und schenken Sie Kindern echte Teilhabe.<\/p>\n<p>[\/et_pb_text][\/et_pb_column][\/et_pb_row][et_pb_row column_structure=&#8220;2_5,3_5&#8243; _builder_version=&#8220;4.7.6&#8243; _module_preset=&#8220;default&#8220; vertical_offset=&#8220;0px&#8220; global_module=&#8220;182&#8243; saved_tabs=&#8220;all&#8220; locked=&#8220;off&#8220;][et_pb_column type=&#8220;2_5&#8243; _builder_version=&#8220;4.7.6&#8243; _module_preset=&#8220;default&#8220;][et_pb_image src=&#8220;https:\/\/www.team-bananenflanke.de\/nordoberpfalz\/wp-content\/uploads\/2026\/02\/2026_BF_Visual_900x900-\u2013-5-1.png&#8220; title_text=&#8220;2026_BF_Visual_900x900 \u2013 5&#8243; _builder_version=&#8220;4.7.6&#8243; _module_preset=&#8220;default&#8220;][\/et_pb_image][\/et_pb_column][et_pb_column type=&#8220;3_5&#8243; _builder_version=&#8220;4.7.6&#8243; _module_preset=&#8220;default&#8220;][et_pb_text _builder_version=&#8220;4.7.6&#8243; _module_preset=&#8220;default&#8220; text_font_size=&#8220;16px&#8220; text_line_height=&#8220;1.8em&#8220; header_2_font=&#8220;|800||on|||||&#8220; header_2_text_color=&#8220;#000000&#8243; custom_margin=&#8220;30px|30px|30px|30px|false|false&#8220; custom_padding=&#8220;||0px|||&#8220;]<\/p>\n<h2 style=\"text-align: left;\">Warum wir tun, was wir tun<\/h2>\n<p>[\/et_pb_text][et_pb_text _builder_version=&#8220;4.7.6&#8243; _module_preset=&#8220;default&#8220; text_font_size=&#8220;16px&#8220; text_line_height=&#8220;1.8em&#8220; header_2_font=&#8220;|800||on|||||&#8220; header_2_text_color=&#8220;#000000&#8243; custom_margin=&#8220;30px|30px|30px|30px|false|false&#8220;]<\/p>\n<p data-start=\"2680\" data-end=\"2854\" style=\"text-align: left;\">Inklusion bedeutet, gemeinsam zu wachsen. Beim Team Bananenflanke Nordoberpfalz erleben Kinder und Jugendliche mit geistiger Beeintr\u00e4chtigung, was Teamgeist wirklich hei\u00dft.<\/p>\n<p data-start=\"2856\" data-end=\"2868\" style=\"text-align: left;\"><strong>Wir f\u00f6rdern:<\/strong><br \/> <strong>\u00b7<\/strong> Selbstvertrauen<br \/> <strong>\u00b7<\/strong> soziale Kompetenzen<br \/> <strong>\u00b7<\/strong> Bewegung &amp; Koordination<br \/> <strong>\u00b7<\/strong> Gemeinschaft<\/p>\n<p data-start=\"2951\" data-end=\"3002\" style=\"text-align: left;\">Fu\u00dfball verbindet \u2013 unabh\u00e4ngig von Einschr\u00e4nkungen.<\/p>\n<p>[\/et_pb_text][\/et_pb_column][\/et_pb_row][et_pb_row _builder_version=&#8220;4.7.6&#8243; _module_preset=&#8220;default&#8220;][et_pb_column type=&#8220;4_4&#8243; _builder_version=&#8220;4.7.6&#8243; _module_preset=&#8220;default&#8220;][et_pb_text _builder_version=&#8220;4.7.6&#8243; _module_preset=&#8220;default&#8220; text_font_size=&#8220;16px&#8220; text_line_height=&#8220;1.8em&#8220; header_2_font=&#8220;|800||on|||||&#8220; header_2_text_color=&#8220;#000000&#8243; custom_margin=&#8220;30px|30px|30px|30px|false|false&#8220; custom_padding=&#8220;||0px|||&#8220;]<\/p>\n<h2 style=\"text-align: center;\"><strong>So k\u00f6nnen Sie helfen<\/strong><\/h2>\n<p data-start=\"1337\" data-end=\"1445\">[\/et_pb_text][et_pb_accordion icon_color=&#8220;#ffd500&#8243; _builder_version=&#8220;4.7.6&#8243; _module_preset=&#8220;default&#8220; border_color_all=&#8220;#ffd500&#8243;][et_pb_accordion_item title=&#8220;Einmalige Spende&#8220; open=&#8220;on&#8220; open_toggle_text_color=&#8220;#000000&#8243; _builder_version=&#8220;4.7.6&#8243; _module_preset=&#8220;default&#8220; toggle_text_color=&#8220;#000000&#8243; toggle_font=&#8220;|700||on|||||&#8220; toggle_font_size=&#8220;20px&#8220;]<\/p>\n<p data-start=\"687\" data-end=\"853\">Jeder Beitrag hilft, Kindern und Jugendlichen mit geistiger Beeintr\u00e4chtigung die aktive Teilnahme am Fu\u00dfball zu erm\u00f6glichen.<\/p>\n<p data-start=\"565\" data-end=\"685\"><strong data-start=\"565\" data-end=\"584\">Bankverbindung:<\/strong><br data-start=\"584\" data-end=\"587\" \/> Volksbank Raiffeisenbank Nordoberpfalz eG<br data-start=\"628\" data-end=\"631\" \/> IBAN: DE40 7539 0000 0000 5833 59<br data-start=\"664\" data-end=\"667\" \/> BIC: GENODEF1WEV<\/p>\n<p data-start=\"565\" data-end=\"685\">oder per <strong><a href=\"https:\/\/www.paypal.com\/paypalme\/tbfnordoberpfalz?country.x=DE&amp;locale.x=de_DE\">Paypal<\/a><\/strong><\/p>\n<p data-start=\"565\" data-end=\"685\">Herzlichen Dank f\u00fcr Ihre Unterst\u00fctzung!<\/p>\n<p>[\/et_pb_accordion_item][et_pb_accordion_item title=&#8220;F\u00f6rdermitgliedschaft&#8220; open_toggle_text_color=&#8220;#000000&#8243; _builder_version=&#8220;4.7.6&#8243; _module_preset=&#8220;default&#8220; toggle_text_color=&#8220;#000000&#8243; toggle_font=&#8220;|700||on|||||&#8220; toggle_font_size=&#8220;20px&#8220; open=&#8220;off&#8220;]<\/p>\n<p>Regelm\u00e4\u00dfige Unterst\u00fctzung<\/p>\n<p>[\/et_pb_accordion_item][et_pb_accordion_item title=&#8220;Unternehmenssponsoring&#8220; open_toggle_text_color=&#8220;#000000&#8243; _builder_version=&#8220;4.7.6&#8243; _module_preset=&#8220;default&#8220; toggle_text_color=&#8220;#000000&#8243; toggle_font=&#8220;|700||on|||||&#8220; toggle_font_size=&#8220;20px&#8220; open=&#8220;off&#8220;]<\/p>\n<p>Logo-Platzierung, regionale Sichtbarkeit<\/p>\n<p>[\/et_pb_accordion_item][\/et_pb_accordion][\/et_pb_column][\/et_pb_row][et_pb_row column_structure=&#8220;1_2,1_2&#8243; disabled_on=&#8220;on|on|on&#8220; _builder_version=&#8220;4.7.6&#8243; _module_preset=&#8220;default&#8220; disabled=&#8220;on&#8220;][et_pb_column type=&#8220;1_2&#8243; _builder_version=&#8220;4.7.6&#8243; _module_preset=&#8220;default&#8220;][et_pb_text _builder_version=&#8220;4.7.6&#8243; _module_preset=&#8220;default&#8220;]<\/p>\n<p>Wir ben\u00f6tigen regelm\u00e4\u00dfig neue Ausr\u00fcstung sowie Hilfsmittel und sind daher auf Ihre Spende angewiesen. Sie k\u00f6nnen in regelm\u00e4\u00dfigen Abst\u00e4nden oder nur einmalig spenden.<\/p>\n<p>Volksbank Raiffeisenbank Nordoberpfalz eG<br \/> IBAN: DE40 7539 0000 0000 5833 59<br \/> BIC: GENODEF1WEV<\/p>\n<p>Wir freuen uns \u00fcber Ihren Beitrag und bedanken uns herzlich!<\/p>\n<p>[\/et_pb_text][\/et_pb_column][et_pb_column type=&#8220;1_2&#8243; _builder_version=&#8220;4.7.6&#8243; _module_preset=&#8220;default&#8220;][et_pb_blurb title=&#8220;Spenden Sie &#8220; url=&#8220;https:\/\/www.paypal.com\/paypalme\/tbfnordoberpfalz?country.x=DE&#038;locale.x=de_DE&#8220; use_icon=&#8220;on&#8220; font_icon=&#8220;%%156%%&#8220; _builder_version=&#8220;4.7.6&#8243; _module_preset=&#8220;default&#8220; header_text_align=&#8220;center&#8220;]<\/p>\n<p style=\"text-align: center;\"><span>f\u00fcr das\u00a0<\/span><strong>Team Bananenflanke Nordoberpfalz\u00a0e.V.<\/strong><\/p>\n<p>[\/et_pb_blurb][\/et_pb_column][\/et_pb_row][\/et_pb_section]<\/p>\n","protected":false},"excerpt":{"rendered":"<p>[et_pb_section fb_built=&#8220;1&#8243; fullwidth=&#8220;on&#8220; _builder_version=&#8220;4.7.6&#8243; _module_preset=&#8220;default&#8220; locked=&#8220;off&#8220;][et_pb_fullwidth_slider _builder_version=&#8220;4.7.6&#8243; _module_preset=&#8220;default&#8220; height=&#8220;600px&#8220; height_tablet=&#8220;420px&#8220; height_phone=&#8220;420px&#8220; height_last_edited=&#8220;on|phone&#8220;][et_pb_slide admin_title=&#8220;Slider 1&#8243; image_tablet=&#8220;&#8220; image_phone=&#8220;&#8220; image_last_edited=&#8220;on|desktop&#8220; content_tablet=&#8220;&#8220; content_phone=&#8220;&#8220; content_last_edited=&#8220;on|phone&#8220; _builder_version=&#8220;4.7.6&#8243; _module_preset=&#8220;default&#8220; background_enable_color=&#8220;off&#8220; background_image=&#8220;https:\/\/www.team-bananenflanke.de\/nordoberpfalz\/wp-content\/uploads\/2026\/02\/2026_BF_Headerbilder_1920x650\u2013Spenden.png&#8220; background_enable_image=&#8220;on&#8220; sticky_transition=&#8220;on&#8220;][\/et_pb_slide][\/et_pb_fullwidth_slider][\/et_pb_section][et_pb_section fb_built=&#8220;1&#8243; admin_label=&#8220;section&#8220; _builder_version=&#8220;3.22&#8243;][et_pb_row admin_label=&#8220;row&#8220; _builder_version=&#8220;3.25&#8243; background_size=&#8220;initial&#8220; background_position=&#8220;top_left&#8220; background_repeat=&#8220;repeat&#8220;][et_pb_column type=&#8220;4_4&#8243; _builder_version=&#8220;3.25&#8243; custom_padding=&#8220;|||&#8220; custom_padding__hover=&#8220;|||&#8220;][et_pb_text admin_label=&#8220;Text&#8220; _builder_version=&#8220;4.7.6&#8243; text_font=&#8220;||||||||&#8220; header_font=&#8220;|800||on|||||&#8220; header_text_align=&#8220;center&#8220; background_size=&#8220;initial&#8220; background_position=&#8220;top_left&#8220; background_repeat=&#8220;repeat&#8220; hover_enabled=&#8220;0&#8243; header_text_color=&#8220;#000000&#8243; sticky_enabled=&#8220;0&#8243;] Spenden f\u00fcr Team Bananenflanke Nordoberpfalz [\/et_pb_text][\/et_pb_column][\/et_pb_row][et_pb_row [&hellip;]<\/p>\n","protected":false},"author":1,"featured_media":0,"parent":0,"menu_order":0,"comment_status":"closed","ping_status":"open","template":"","meta":{"_et_pb_use_builder":"on","_et_pb_old_content":"<!-- wp:paragraph -->\r\n<p>Dies ist eine Beispiel-Seite. Sie unterscheidet sich von Beitr\u00e4gen, da sie stets an derselben Stelle bleibt und (bei den meisten Themes) in der Website-Navigation angezeigt wird. Die meisten starten mit einem Impressum, der Datenschutzerkl\u00e4rung oder einer \u201e\u00dcber\u00a0uns\u201c-Seite, um sich potenziellen Besuchern der Website vorzustellen. Dort k\u00f6nnte zum Beispiel stehen:<\/p>\r\n<!-- \/wp:paragraph -->\r\n\r\n<!-- wp:quote -->\r\n<blockquote class=\"wp-block-quote\"><p>Hallo! Tags\u00fcber arbeite ich als Fahrradkurier, nachts bin ich ein aufstrebender Schauspieler und dies hier ist meine Website. Ich lebe in Berlin, habe einen gro\u00dfen Hund namens Jack, mag Pi\u00f1a Coladas, jedoch weniger (ohne Schirm) im Regen stehen gelassen zu werden.<\/p><\/blockquote>\r\n<!-- \/wp:quote -->\r\n\r\n<!-- wp:paragraph -->\r\n<p>...\u00a0oder so etwas wie:<\/p>\r\n<!-- \/wp:paragraph -->\r\n\r\n<!-- wp:quote -->\r\n<blockquote class=\"wp-block-quote\"><p>Das Unternehmen XYZ wurde 1971 gegr\u00fcndet und versorgt die \u00d6ffentlichkeit seither mit qualitativ hochwertigen Produkten. An seinem Standort in einer kleinen Gro\u00dfstadt besch\u00e4ftigt der Betrieb \u00fcber 2.000 Menschen und unterst\u00fctzt die Stadtbewohner in vielfacher Hinsicht.<\/p><\/blockquote>\r\n<!-- \/wp:quote -->\r\n\r\n<!-- wp:paragraph -->\r\n<p>Als neuer WordPress-Benutzer solltest du <a href=\"https:\/\/www.teambananenflanke.de\/nordoberpfalz\/wp-admin\/\">dein Dashboard<\/a> aufrufen, um diese Seite zu l\u00f6schen und neue Seiten und Beitr\u00e4ge f\u00fcr deine Website erstellen. Viel Spa\u00df!<\/p>\r\n<!-- \/wp:paragraph -->","_et_gb_content_width":"","footnotes":""},"class_list":["post-32","page","type-page","status-publish","hentry"],"yoast_head":"<!-- This site is optimized with the Yoast SEO plugin v27.5 - https:\/\/yoast.com\/product\/yoast-seo-wordpress\/ -->\n<title>Spenden - Team Bananenflanke\u00ae Nordoberpfalz e.V.<\/title>\n<meta name=\"description\" content=\"Unterst\u00fctze das Team Bananenflanke Nordoberpfalz mit einer Spende. Hilf uns, inklusiven Fu\u00dfball f\u00fcr Kinder und Jugendliche zu st\u00e4rken.\" \/>\n<meta name=\"robots\" content=\"index, follow, max-snippet:-1, max-image-preview:large, max-video-preview:-1\" \/>\n<link rel=\"canonical\" href=\"https:\/\/www.team-bananenflanke.de\/nordoberpfalz\/spenden\/\" \/>\n<meta property=\"og:locale\" content=\"de_DE\" \/>\n<meta property=\"og:type\" content=\"article\" \/>\n<meta property=\"og:title\" content=\"Spenden - Team Bananenflanke\u00ae Nordoberpfalz e.V.\" \/>\n<meta property=\"og:description\" content=\"Unterst\u00fctze das Team Bananenflanke Nordoberpfalz mit einer Spende. Hilf uns, inklusiven Fu\u00dfball f\u00fcr Kinder und Jugendliche zu st\u00e4rken.\" \/>\n<meta property=\"og:url\" content=\"https:\/\/www.team-bananenflanke.de\/nordoberpfalz\/spenden\/\" \/>\n<meta property=\"og:site_name\" content=\"Team Bananenflanke\u00ae Nordoberpfalz e.V.\" \/>\n<meta property=\"article:modified_time\" content=\"2026-02-19T07:16:48+00:00\" \/>\n<meta name=\"twitter:card\" content=\"summary_large_image\" \/>\n<meta name=\"twitter:label1\" content=\"Gesch\u00e4tzte Lesezeit\" \/>\n\t<meta name=\"twitter:data1\" content=\"1\u00a0Minute\" \/>\n<script type=\"application\/ld+json\" class=\"yoast-schema-graph\">{\"@context\":\"https:\\\/\\\/schema.org\",\"@graph\":[{\"@type\":\"WebPage\",\"@id\":\"https:\\\/\\\/www.team-bananenflanke.de\\\/nordoberpfalz\\\/spenden\\\/\",\"url\":\"https:\\\/\\\/www.team-bananenflanke.de\\\/nordoberpfalz\\\/spenden\\\/\",\"name\":\"Spenden - Team Bananenflanke\u00ae Nordoberpfalz e.V.\",\"isPartOf\":{\"@id\":\"https:\\\/\\\/www.team-bananenflanke.de\\\/nordoberpfalz\\\/#website\"},\"datePublished\":\"2023-12-18T12:12:10+00:00\",\"dateModified\":\"2026-02-19T07:16:48+00:00\",\"description\":\"Unterst\u00fctze das Team Bananenflanke Nordoberpfalz mit einer Spende. Hilf uns, inklusiven Fu\u00dfball f\u00fcr Kinder und Jugendliche zu st\u00e4rken.\",\"breadcrumb\":{\"@id\":\"https:\\\/\\\/www.team-bananenflanke.de\\\/nordoberpfalz\\\/spenden\\\/#breadcrumb\"},\"inLanguage\":\"de\",\"potentialAction\":[{\"@type\":\"ReadAction\",\"target\":[\"https:\\\/\\\/www.team-bananenflanke.de\\\/nordoberpfalz\\\/spenden\\\/\"]}]},{\"@type\":\"BreadcrumbList\",\"@id\":\"https:\\\/\\\/www.team-bananenflanke.de\\\/nordoberpfalz\\\/spenden\\\/#breadcrumb\",\"itemListElement\":[{\"@type\":\"ListItem\",\"position\":1,\"name\":\"Startseite\",\"item\":\"https:\\\/\\\/www.team-bananenflanke.de\\\/nordoberpfalz\\\/\"},{\"@type\":\"ListItem\",\"position\":2,\"name\":\"Spenden\"}]},{\"@type\":\"WebSite\",\"@id\":\"https:\\\/\\\/www.team-bananenflanke.de\\\/nordoberpfalz\\\/#website\",\"url\":\"https:\\\/\\\/www.team-bananenflanke.de\\\/nordoberpfalz\\\/\",\"name\":\"Team Bananenflanke\u00ae Nordoberpfalz e.V.\",\"description\":\"Fu\u00dfball kennt keine Grenzen!\",\"potentialAction\":[{\"@type\":\"SearchAction\",\"target\":{\"@type\":\"EntryPoint\",\"urlTemplate\":\"https:\\\/\\\/www.team-bananenflanke.de\\\/nordoberpfalz\\\/?s={search_term_string}\"},\"query-input\":{\"@type\":\"PropertyValueSpecification\",\"valueRequired\":true,\"valueName\":\"search_term_string\"}}],\"inLanguage\":\"de\"}]}<\/script>\n<!-- \/ Yoast SEO plugin. -->","yoast_head_json":{"title":"Spenden - Team Bananenflanke\u00ae Nordoberpfalz e.V.","description":"Unterst\u00fctze das Team Bananenflanke Nordoberpfalz mit einer Spende. Hilf uns, inklusiven Fu\u00dfball f\u00fcr Kinder und Jugendliche zu st\u00e4rken.","robots":{"index":"index","follow":"follow","max-snippet":"max-snippet:-1","max-image-preview":"max-image-preview:large","max-video-preview":"max-video-preview:-1"},"canonical":"https:\/\/www.team-bananenflanke.de\/nordoberpfalz\/spenden\/","og_locale":"de_DE","og_type":"article","og_title":"Spenden - Team Bananenflanke\u00ae Nordoberpfalz e.V.","og_description":"Unterst\u00fctze das Team Bananenflanke Nordoberpfalz mit einer Spende. Hilf uns, inklusiven Fu\u00dfball f\u00fcr Kinder und Jugendliche zu st\u00e4rken.","og_url":"https:\/\/www.team-bananenflanke.de\/nordoberpfalz\/spenden\/","og_site_name":"Team Bananenflanke\u00ae Nordoberpfalz e.V.","article_modified_time":"2026-02-19T07:16:48+00:00","twitter_card":"summary_large_image","twitter_misc":{"Gesch\u00e4tzte Lesezeit":"1\u00a0Minute"},"schema":{"@context":"https:\/\/schema.org","@graph":[{"@type":"WebPage","@id":"https:\/\/www.team-bananenflanke.de\/nordoberpfalz\/spenden\/","url":"https:\/\/www.team-bananenflanke.de\/nordoberpfalz\/spenden\/","name":"Spenden - Team Bananenflanke\u00ae Nordoberpfalz e.V.","isPartOf":{"@id":"https:\/\/www.team-bananenflanke.de\/nordoberpfalz\/#website"},"datePublished":"2023-12-18T12:12:10+00:00","dateModified":"2026-02-19T07:16:48+00:00","description":"Unterst\u00fctze das Team Bananenflanke Nordoberpfalz mit einer Spende. Hilf uns, inklusiven Fu\u00dfball f\u00fcr Kinder und Jugendliche zu st\u00e4rken.","breadcrumb":{"@id":"https:\/\/www.team-bananenflanke.de\/nordoberpfalz\/spenden\/#breadcrumb"},"inLanguage":"de","potentialAction":[{"@type":"ReadAction","target":["https:\/\/www.team-bananenflanke.de\/nordoberpfalz\/spenden\/"]}]},{"@type":"BreadcrumbList","@id":"https:\/\/www.team-bananenflanke.de\/nordoberpfalz\/spenden\/#breadcrumb","itemListElement":[{"@type":"ListItem","position":1,"name":"Startseite","item":"https:\/\/www.team-bananenflanke.de\/nordoberpfalz\/"},{"@type":"ListItem","position":2,"name":"Spenden"}]},{"@type":"WebSite","@id":"https:\/\/www.team-bananenflanke.de\/nordoberpfalz\/#website","url":"https:\/\/www.team-bananenflanke.de\/nordoberpfalz\/","name":"Team Bananenflanke\u00ae Nordoberpfalz e.V.","description":"Fu\u00dfball kennt keine Grenzen!","potentialAction":[{"@type":"SearchAction","target":{"@type":"EntryPoint","urlTemplate":"https:\/\/www.team-bananenflanke.de\/nordoberpfalz\/?s={search_term_string}"},"query-input":{"@type":"PropertyValueSpecification","valueRequired":true,"valueName":"search_term_string"}}],"inLanguage":"de"}]}},"_links":{"self":[{"href":"https:\/\/www.team-bananenflanke.de\/nordoberpfalz\/wp-json\/wp\/v2\/pages\/32","targetHints":{"allow":["GET"]}}],"collection":[{"href":"https:\/\/www.team-bananenflanke.de\/nordoberpfalz\/wp-json\/wp\/v2\/pages"}],"about":[{"href":"https:\/\/www.team-bananenflanke.de\/nordoberpfalz\/wp-json\/wp\/v2\/types\/page"}],"author":[{"embeddable":true,"href":"https:\/\/www.team-bananenflanke.de\/nordoberpfalz\/wp-json\/wp\/v2\/users\/1"}],"replies":[{"embeddable":true,"href":"https:\/\/www.team-bananenflanke.de\/nordoberpfalz\/wp-json\/wp\/v2\/comments?post=32"}],"version-history":[{"count":9,"href":"https:\/\/www.team-bananenflanke.de\/nordoberpfalz\/wp-json\/wp\/v2\/pages\/32\/revisions"}],"predecessor-version":[{"id":292,"href":"https:\/\/www.team-bananenflanke.de\/nordoberpfalz\/wp-json\/wp\/v2\/pages\/32\/revisions\/292"}],"wp:attachment":[{"href":"https:\/\/www.team-bananenflanke.de\/nordoberpfalz\/wp-json\/wp\/v2\/media?parent=32"}],"curies":[{"name":"wp","href":"https:\/\/api.w.org\/{rel}","templated":true}]}}