{"id":28,"date":"2023-12-18T13:11:10","date_gmt":"2023-12-18T12:11:10","guid":{"rendered":"https:\/\/www.teambananenflanke.de\/nordoberpfalz\/?page_id=28"},"modified":"2026-02-18T09:55:58","modified_gmt":"2026-02-18T08:55:58","slug":"spielplan-termine-team-bananenflanke-nordoberpfalz","status":"publish","type":"page","link":"https:\/\/www.team-bananenflanke.de\/nordoberpfalz\/spielplan-termine-team-bananenflanke-nordoberpfalz\/","title":{"rendered":"Spielplan"},"content":{"rendered":"<p>[et_pb_section fb_built=&#8220;1&#8243; fullwidth=&#8220;on&#8220; _builder_version=&#8220;4.7.6&#8243; _module_preset=&#8220;default&#8220; locked=&#8220;off&#8220;][et_pb_fullwidth_slider _builder_version=&#8220;4.7.6&#8243; _module_preset=&#8220;default&#8220; height=&#8220;600px&#8220; height_tablet=&#8220;420px&#8220; height_phone=&#8220;420px&#8220; height_last_edited=&#8220;on|phone&#8220;][et_pb_slide admin_title=&#8220;Slider 1&#8243; image_tablet=&#8220;&#8220; image_phone=&#8220;&#8220; image_last_edited=&#8220;on|desktop&#8220; content_tablet=&#8220;&#8220; content_phone=&#8220;&#8220; content_last_edited=&#8220;on|phone&#8220; _builder_version=&#8220;4.7.6&#8243; _module_preset=&#8220;default&#8220; background_enable_color=&#8220;off&#8220; background_image=&#8220;https:\/\/www.team-bananenflanke.de\/nordoberpfalz\/wp-content\/uploads\/2026\/02\/2026_BF_Headerbilder_1920x650\u2013Spielplan.png&#8220; background_enable_image=&#8220;on&#8220; sticky_transition=&#8220;on&#8220;][\/et_pb_slide][\/et_pb_fullwidth_slider][\/et_pb_section][et_pb_section fb_built=&#8220;1&#8243; admin_label=&#8220;section&#8220; _builder_version=&#8220;3.22&#8243;][et_pb_row admin_label=&#8220;row&#8220; _builder_version=&#8220;4.7.6&#8243; background_size=&#8220;initial&#8220; background_position=&#8220;top_left&#8220; background_repeat=&#8220;repeat&#8220; positioning=&#8220;none&#8220; position_origin_r=&#8220;bottom_left&#8220; width=&#8220;70%&#8220; width_tablet=&#8220;&#8220; width_phone=&#8220;100%&#8220; width_last_edited=&#8220;on|desktop&#8220; module_alignment=&#8220;center&#8220;][et_pb_column type=&#8220;4_4&#8243; _builder_version=&#8220;4.7.6&#8243; custom_padding=&#8220;|||&#8220; custom_padding__hover=&#8220;|||&#8220;][et_pb_text _builder_version=&#8220;4.7.6&#8243; _module_preset=&#8220;default&#8220; header_font=&#8220;|800||on|||||&#8220;]<\/p>\n<h1 style=\"text-align: center;\">Spielplan &amp; Termine<\/h1>\n<p>[\/et_pb_text][et_pb_text _builder_version=&#8220;4.7.6&#8243; _module_preset=&#8220;default&#8220; text_font_size=&#8220;16px&#8220; text_line_height=&#8220;1.8em&#8220;]<\/p>\n<p style=\"text-align: center;\">Alle Trainings, Spieltage und Veranstaltungen auf einen Blick.<\/p>\n<p>[\/et_pb_text][\/et_pb_column][\/et_pb_row][et_pb_row _builder_version=&#8220;4.7.6&#8243; _module_preset=&#8220;default&#8220; custom_margin=&#8220;||50px||false|false&#8220;][et_pb_column type=&#8220;4_4&#8243; _builder_version=&#8220;4.7.6&#8243; _module_preset=&#8220;default&#8220;][et_pb_slider arrows_custom_color=&#8220;#000000&#8243; dot_nav_custom_color=&#8220;#000000&#8243; _builder_version=&#8220;4.7.6&#8243; _module_preset=&#8220;default&#8220; header_font_size=&#8220;30px&#8220; width=&#8220;84%&#8220; width_tablet=&#8220;100%&#8220; width_phone=&#8220;100%&#8220; width_last_edited=&#8220;on|phone&#8220; max_width=&#8220;100%&#8220; module_alignment=&#8220;center&#8220;][et_pb_slide heading=&#8220;Trainingszeiten November \u2013 M\u00e4rz&#8220; heading_tablet=&#8220;Trainingszeiten November \u2013 M\u00e4rz&#8220; heading_phone=&#8220;Trainingszeiten November \u2013 M\u00e4rz&#8220; heading_last_edited=&#8220;on|phone&#8220; _builder_version=&#8220;4.7.6&#8243; _module_preset=&#8220;default&#8220; header_font=&#8220;|800||on|||||&#8220; header_text_color=&#8220;#000000&#8243; header_font_size=&#8220;24px&#8220; body_font=&#8220;|600||on|||||&#8220; body_text_align=&#8220;center&#8220; body_text_color=&#8220;#000000&#8243; body_line_height=&#8220;1.6em&#8220; text_orientation=&#8220;center&#8220; header_font_size_tablet=&#8220;&#8220; header_font_size_phone=&#8220;20px&#8220; header_font_size_last_edited=&#8220;on|tablet&#8220; body_font_size_tablet=&#8220;&#8220; body_font_size_phone=&#8220;14px&#8220; body_font_size_last_edited=&#8220;on|phone&#8220; sticky_transition=&#8220;on&#8220;]<\/p>\n<p style=\"text-align: center;\"><strong data-start=\"720\" data-end=\"751\">Samstag | 10:00 \u2013 11:30 Uhr<\/strong><br data-start=\"751\" data-end=\"754\" \/>Turnhalle Lobkowitz, Realschule Neustadt an der Waldnaab<\/p>\n<p>[\/et_pb_slide][et_pb_slide heading=&#8220;Trainingszeiten April \u2013 Oktober&#8220; heading_tablet=&#8220;Trainingszeiten April \u2013 Oktober&#8220; heading_phone=&#8220;Trainingszeiten April \u2013 Oktober&#8220; heading_last_edited=&#8220;on|phone&#8220; _builder_version=&#8220;4.7.6&#8243; _module_preset=&#8220;default&#8220; header_font=&#8220;|800||on|||||&#8220; header_text_color=&#8220;#000000&#8243; header_font_size=&#8220;24px&#8220; body_font=&#8220;|600||on|||||&#8220; body_text_align=&#8220;center&#8220; body_text_color=&#8220;#000000&#8243; body_line_height=&#8220;1.8em&#8220; text_orientation=&#8220;center&#8220; header_font_size_tablet=&#8220;&#8220; header_font_size_phone=&#8220;20px&#8220; header_font_size_last_edited=&#8220;on|phone&#8220; body_font_size_tablet=&#8220;&#8220; body_font_size_phone=&#8220;&#8220; body_font_size_last_edited=&#8220;on|desktop&#8220; sticky_transition=&#8220;on&#8220;]<\/p>\n<p style=\"text-align: center;\"><strong data-start=\"720\" data-end=\"751\">Freitag | 16:30 \u2013 18:00 Uhr<\/strong><br data-start=\"751\" data-end=\"754\" \/>DJK Neustadt\/WN <\/p>\n<p>[\/et_pb_slide][\/et_pb_slider][\/et_pb_column][\/et_pb_row][et_pb_row _builder_version=&#8220;4.7.6&#8243; _module_preset=&#8220;default&#8220;][et_pb_column type=&#8220;4_4&#8243; _builder_version=&#8220;4.7.6&#8243; _module_preset=&#8220;default&#8220;][et_pb_text _builder_version=&#8220;4.7.6&#8243; _module_preset=&#8220;default&#8220; text_font=&#8220;|800||on|||||&#8220; text_text_color=&#8220;#000000&#8243; text_font_size=&#8220;26px&#8220; text_orientation=&#8220;center&#8220;]<\/p>\n<p>SPIELPLAN 2026<\/p>\n<p>[\/et_pb_text][et_pb_toggle title=&#8220;11.01.2026 | Spieltag in Sulzbach-Rosenberg &#8220; open_toggle_text_color=&#8220;#000000&#8243; _builder_version=&#8220;4.7.6&#8243; _module_preset=&#8220;default&#8220; title_text_color=&#8220;#000000&#8243; title_font=&#8220;|700||on|||||&#8220; body_text_align=&#8220;left&#8220; body_font_size=&#8220;16px&#8220; body_line_height=&#8220;1.8em&#8220; text_orientation=&#8220;left&#8220; custom_margin=&#8220;||10px||false|false&#8220;]<\/p>\n<p>Beim regionalen Spieltag treten unsere Spielerinnen und Spieler gemeinsam gegen andere Teams an.<br data-start=\"706\" data-end=\"709\" \/> Der Fokus liegt auf Fairness, Teamgeist und gemeinsamer Spielfreude.<\/p>\n<p>[\/et_pb_toggle][et_pb_toggle title=&#8220;01.02.2026 | Spieltag in Vilseck&#8220; open_toggle_text_color=&#8220;#000000&#8243; _builder_version=&#8220;4.7.6&#8243; _module_preset=&#8220;default&#8220; title_text_color=&#8220;#000000&#8243; title_font=&#8220;|700||on|||||&#8220; body_text_align=&#8220;left&#8220; body_font_size=&#8220;16px&#8220; body_line_height=&#8220;1.8em&#8220; text_orientation=&#8220;left&#8220; custom_margin=&#8220;||10px||false|false&#8220;]<\/p>\n<p>Beim regionalen Spieltag treten unsere Spielerinnen und Spieler gemeinsam gegen andere Teams an.<br data-start=\"706\" data-end=\"709\" \/> Der Fokus liegt auf Fairness, Teamgeist und gemeinsamer Spielfreude.<\/p>\n<p>[\/et_pb_toggle][et_pb_toggle title=&#8220;13. \u2013 15.03.2026 | Verbandstagung &#038; Trainerschulung bei Puma in Herzogenaurach &#8220; open_toggle_text_color=&#8220;#000000&#8243; _builder_version=&#8220;4.7.6&#8243; _module_preset=&#8220;default&#8220; title_text_color=&#8220;#000000&#8243; title_font=&#8220;|700||on|||||&#8220; body_text_align=&#8220;left&#8220; body_font_size=&#8220;16px&#8220; body_line_height=&#8220;1.8em&#8220; text_orientation=&#8220;left&#8220; custom_margin=&#8220;||10px||false|false&#8220;]<\/p>\n<p>Unsere Trainerinnen und Trainer nehmen an der offiziellen Verbandstagung sowie einer Fortbildung teil.<br data-start=\"504\" data-end=\"507\" \/> Der Austausch und die Schulung dienen der fachlichen Weiterentwicklung und Qualit\u00e4tssicherung unserer Trainingsarbeit.<\/p>\n<p>[\/et_pb_toggle][et_pb_toggle title=&#8220;27. \u2013 29.03.2026 | Spieltag in Memmingen &#8220; open_toggle_text_color=&#8220;#000000&#8243; _builder_version=&#8220;4.7.6&#8243; _module_preset=&#8220;default&#8220; title_text_color=&#8220;#000000&#8243; title_font=&#8220;|700||on|||||&#8220; body_text_align=&#8220;left&#8220; body_font_size=&#8220;16px&#8220; body_line_height=&#8220;1.8em&#8220; text_orientation=&#8220;left&#8220; custom_margin=&#8220;||10px||false|false&#8220;]<\/p>\n<p>Beim regionalen Spieltag treten unsere Spielerinnen und Spieler gemeinsam gegen andere Teams an.<br data-start=\"706\" data-end=\"709\" \/> Der Fokus liegt auf Fairness, Teamgeist und gemeinsamer Spielfreude.<\/p>\n<p>[\/et_pb_toggle][et_pb_toggle title=&#8220;09.05.2026 | Spieltag in Neustadt\/WN &#8220; open_toggle_text_color=&#8220;#000000&#8243; _builder_version=&#8220;4.7.6&#8243; _module_preset=&#8220;default&#8220; title_text_color=&#8220;#000000&#8243; title_font=&#8220;|700||on|||||&#8220; body_text_align=&#8220;left&#8220; body_font_size=&#8220;16px&#8220; body_line_height=&#8220;1.8em&#8220; text_orientation=&#8220;left&#8220; custom_margin=&#8220;||10px||false|false&#8220;]<\/p>\n<p>Beim regionalen Spieltag treten unsere Spielerinnen und Spieler gemeinsam gegen andere Teams an.<br data-start=\"706\" data-end=\"709\" \/> Der Fokus liegt auf Fairness, Teamgeist und gemeinsamer Spielfreude.<\/p>\n<p>[\/et_pb_toggle][et_pb_toggle title=&#8220;22.05.2026 | Trainingslager in Kaub&#8220; open_toggle_text_color=&#8220;#000000&#8243; _builder_version=&#8220;4.7.6&#8243; _module_preset=&#8220;default&#8220; title_text_color=&#8220;#000000&#8243; title_font=&#8220;|700||on|||||&#8220; body_text_align=&#8220;left&#8220; body_font_size=&#8220;16px&#8220; body_line_height=&#8220;1.8em&#8220; text_orientation=&#8220;left&#8220; custom_margin=&#8220;||10px||false|false&#8220; hover_enabled=&#8220;0&#8243; sticky_enabled=&#8220;0&#8243;]<\/p>\n<p>Tage voller Training, Teamgeist und gemeinsamer Erfahrungen.<br data-start=\"658\" data-end=\"661\" \/> Im Trainingslager f\u00f6rdern wir sowohl sportliche F\u00e4higkeiten als auch den Zusammenhalt innerhalb der Mannschaft.<\/p>\n<p>[\/et_pb_toggle][\/et_pb_column][\/et_pb_row][\/et_pb_section]<\/p>\n","protected":false},"excerpt":{"rendered":"<p>[et_pb_section fb_built=&#8220;1&#8243; fullwidth=&#8220;on&#8220; _builder_version=&#8220;4.7.6&#8243; _module_preset=&#8220;default&#8220; locked=&#8220;off&#8220;][et_pb_fullwidth_slider _builder_version=&#8220;4.7.6&#8243; _module_preset=&#8220;default&#8220; height=&#8220;600px&#8220; height_tablet=&#8220;420px&#8220; height_phone=&#8220;420px&#8220; height_last_edited=&#8220;on|phone&#8220;][et_pb_slide admin_title=&#8220;Slider 1&#8243; image_tablet=&#8220;&#8220; image_phone=&#8220;&#8220; image_last_edited=&#8220;on|desktop&#8220; content_tablet=&#8220;&#8220; content_phone=&#8220;&#8220; content_last_edited=&#8220;on|phone&#8220; _builder_version=&#8220;4.7.6&#8243; _module_preset=&#8220;default&#8220; background_enable_color=&#8220;off&#8220; background_image=&#8220;https:\/\/www.team-bananenflanke.de\/nordoberpfalz\/wp-content\/uploads\/2026\/02\/2026_BF_Headerbilder_1920x650\u2013Spielplan.png&#8220; background_enable_image=&#8220;on&#8220; sticky_transition=&#8220;on&#8220;][\/et_pb_slide][\/et_pb_fullwidth_slider][\/et_pb_section][et_pb_section fb_built=&#8220;1&#8243; admin_label=&#8220;section&#8220; _builder_version=&#8220;3.22&#8243;][et_pb_row admin_label=&#8220;row&#8220; _builder_version=&#8220;4.7.6&#8243; background_size=&#8220;initial&#8220; background_position=&#8220;top_left&#8220; background_repeat=&#8220;repeat&#8220; positioning=&#8220;none&#8220; position_origin_r=&#8220;bottom_left&#8220; width=&#8220;70%&#8220; width_tablet=&#8220;&#8220; width_phone=&#8220;100%&#8220; width_last_edited=&#8220;on|desktop&#8220; module_alignment=&#8220;center&#8220;][et_pb_column type=&#8220;4_4&#8243; _builder_version=&#8220;4.7.6&#8243; custom_padding=&#8220;|||&#8220; custom_padding__hover=&#8220;|||&#8220;][et_pb_text _builder_version=&#8220;4.7.6&#8243; _module_preset=&#8220;default&#8220; header_font=&#8220;|800||on|||||&#8220;] Spielplan &amp; Termine [\/et_pb_text][et_pb_text _builder_version=&#8220;4.7.6&#8243; _module_preset=&#8220;default&#8220; text_font_size=&#8220;16px&#8220; [&hellip;]<\/p>\n","protected":false},"author":1,"featured_media":0,"parent":0,"menu_order":0,"comment_status":"closed","ping_status":"open","template":"","meta":{"_et_pb_use_builder":"on","_et_pb_old_content":"<!-- wp:paragraph -->\r\n<p>Dies ist eine Beispiel-Seite. Sie unterscheidet sich von Beitr\u00e4gen, da sie stets an derselben Stelle bleibt und (bei den meisten Themes) in der Website-Navigation angezeigt wird. Die meisten starten mit einem Impressum, der Datenschutzerkl\u00e4rung oder einer \u201e\u00dcber\u00a0uns\u201c-Seite, um sich potenziellen Besuchern der Website vorzustellen. Dort k\u00f6nnte zum Beispiel stehen:<\/p>\r\n<!-- \/wp:paragraph -->\r\n\r\n<!-- wp:quote -->\r\n<blockquote class=\"wp-block-quote\"><p>Hallo! Tags\u00fcber arbeite ich als Fahrradkurier, nachts bin ich ein aufstrebender Schauspieler und dies hier ist meine Website. Ich lebe in Berlin, habe einen gro\u00dfen Hund namens Jack, mag Pi\u00f1a Coladas, jedoch weniger (ohne Schirm) im Regen stehen gelassen zu werden.<\/p><\/blockquote>\r\n<!-- \/wp:quote -->\r\n\r\n<!-- wp:paragraph -->\r\n<p>...\u00a0oder so etwas wie:<\/p>\r\n<!-- \/wp:paragraph -->\r\n\r\n<!-- wp:quote -->\r\n<blockquote class=\"wp-block-quote\"><p>Das Unternehmen XYZ wurde 1971 gegr\u00fcndet und versorgt die \u00d6ffentlichkeit seither mit qualitativ hochwertigen Produkten. An seinem Standort in einer kleinen Gro\u00dfstadt besch\u00e4ftigt der Betrieb \u00fcber 2.000 Menschen und unterst\u00fctzt die Stadtbewohner in vielfacher Hinsicht.<\/p><\/blockquote>\r\n<!-- \/wp:quote -->\r\n\r\n<!-- wp:paragraph -->\r\n<p>Als neuer WordPress-Benutzer solltest du <a href=\"https:\/\/www.teambananenflanke.de\/nordoberpfalz\/wp-admin\/\">dein Dashboard<\/a> aufrufen, um diese Seite zu l\u00f6schen und neue Seiten und Beitr\u00e4ge f\u00fcr deine Website erstellen. Viel Spa\u00df!<\/p>\r\n<!-- \/wp:paragraph -->","_et_gb_content_width":"","footnotes":""},"class_list":["post-28","page","type-page","status-publish","hentry"],"yoast_head":"<!-- This site is optimized with the Yoast SEO plugin v27.5 - https:\/\/yoast.com\/product\/yoast-seo-wordpress\/ -->\n<title>Spielplan - Team Bananenflanke\u00ae Nordoberpfalz e.V.<\/title>\n<meta name=\"description\" content=\"Alle Trainings, Spieltage und Veranstaltungen des Team Bananenflanke Nordoberpfalz e.V. Jetzt Termine einsehen.\" \/>\n<meta name=\"robots\" content=\"index, follow, max-snippet:-1, max-image-preview:large, max-video-preview:-1\" \/>\n<link rel=\"canonical\" href=\"https:\/\/www.team-bananenflanke.de\/nordoberpfalz\/spielplan-termine-team-bananenflanke-nordoberpfalz\/\" \/>\n<meta property=\"og:locale\" content=\"de_DE\" \/>\n<meta property=\"og:type\" content=\"article\" \/>\n<meta property=\"og:title\" content=\"Spielplan - Team Bananenflanke\u00ae Nordoberpfalz e.V.\" \/>\n<meta property=\"og:description\" content=\"Alle Trainings, Spieltage und Veranstaltungen des Team Bananenflanke Nordoberpfalz e.V. Jetzt Termine einsehen.\" \/>\n<meta property=\"og:url\" content=\"https:\/\/www.team-bananenflanke.de\/nordoberpfalz\/spielplan-termine-team-bananenflanke-nordoberpfalz\/\" \/>\n<meta property=\"og:site_name\" content=\"Team Bananenflanke\u00ae Nordoberpfalz e.V.\" \/>\n<meta property=\"article:modified_time\" content=\"2026-02-18T08:55:58+00:00\" \/>\n<meta name=\"twitter:card\" content=\"summary_large_image\" \/>\n<meta name=\"twitter:label1\" content=\"Gesch\u00e4tzte Lesezeit\" \/>\n\t<meta name=\"twitter:data1\" content=\"2\u00a0Minuten\" \/>\n<script type=\"application\/ld+json\" class=\"yoast-schema-graph\">{\"@context\":\"https:\\\/\\\/schema.org\",\"@graph\":[{\"@type\":\"WebPage\",\"@id\":\"https:\\\/\\\/www.team-bananenflanke.de\\\/nordoberpfalz\\\/spielplan-termine-team-bananenflanke-nordoberpfalz\\\/\",\"url\":\"https:\\\/\\\/www.team-bananenflanke.de\\\/nordoberpfalz\\\/spielplan-termine-team-bananenflanke-nordoberpfalz\\\/\",\"name\":\"Spielplan - Team Bananenflanke\u00ae Nordoberpfalz e.V.\",\"isPartOf\":{\"@id\":\"https:\\\/\\\/www.team-bananenflanke.de\\\/nordoberpfalz\\\/#website\"},\"datePublished\":\"2023-12-18T12:11:10+00:00\",\"dateModified\":\"2026-02-18T08:55:58+00:00\",\"description\":\"Alle Trainings, Spieltage und Veranstaltungen des Team Bananenflanke Nordoberpfalz e.V. Jetzt Termine einsehen.\",\"breadcrumb\":{\"@id\":\"https:\\\/\\\/www.team-bananenflanke.de\\\/nordoberpfalz\\\/spielplan-termine-team-bananenflanke-nordoberpfalz\\\/#breadcrumb\"},\"inLanguage\":\"de\",\"potentialAction\":[{\"@type\":\"ReadAction\",\"target\":[\"https:\\\/\\\/www.team-bananenflanke.de\\\/nordoberpfalz\\\/spielplan-termine-team-bananenflanke-nordoberpfalz\\\/\"]}]},{\"@type\":\"BreadcrumbList\",\"@id\":\"https:\\\/\\\/www.team-bananenflanke.de\\\/nordoberpfalz\\\/spielplan-termine-team-bananenflanke-nordoberpfalz\\\/#breadcrumb\",\"itemListElement\":[{\"@type\":\"ListItem\",\"position\":1,\"name\":\"Startseite\",\"item\":\"https:\\\/\\\/www.team-bananenflanke.de\\\/nordoberpfalz\\\/\"},{\"@type\":\"ListItem\",\"position\":2,\"name\":\"Spielplan\"}]},{\"@type\":\"WebSite\",\"@id\":\"https:\\\/\\\/www.team-bananenflanke.de\\\/nordoberpfalz\\\/#website\",\"url\":\"https:\\\/\\\/www.team-bananenflanke.de\\\/nordoberpfalz\\\/\",\"name\":\"Team Bananenflanke\u00ae Nordoberpfalz e.V.\",\"description\":\"Fu\u00dfball kennt keine Grenzen!\",\"potentialAction\":[{\"@type\":\"SearchAction\",\"target\":{\"@type\":\"EntryPoint\",\"urlTemplate\":\"https:\\\/\\\/www.team-bananenflanke.de\\\/nordoberpfalz\\\/?s={search_term_string}\"},\"query-input\":{\"@type\":\"PropertyValueSpecification\",\"valueRequired\":true,\"valueName\":\"search_term_string\"}}],\"inLanguage\":\"de\"}]}<\/script>\n<!-- \/ Yoast SEO plugin. -->","yoast_head_json":{"title":"Spielplan - Team Bananenflanke\u00ae Nordoberpfalz e.V.","description":"Alle Trainings, Spieltage und Veranstaltungen des Team Bananenflanke Nordoberpfalz e.V. Jetzt Termine einsehen.","robots":{"index":"index","follow":"follow","max-snippet":"max-snippet:-1","max-image-preview":"max-image-preview:large","max-video-preview":"max-video-preview:-1"},"canonical":"https:\/\/www.team-bananenflanke.de\/nordoberpfalz\/spielplan-termine-team-bananenflanke-nordoberpfalz\/","og_locale":"de_DE","og_type":"article","og_title":"Spielplan - Team Bananenflanke\u00ae Nordoberpfalz e.V.","og_description":"Alle Trainings, Spieltage und Veranstaltungen des Team Bananenflanke Nordoberpfalz e.V. Jetzt Termine einsehen.","og_url":"https:\/\/www.team-bananenflanke.de\/nordoberpfalz\/spielplan-termine-team-bananenflanke-nordoberpfalz\/","og_site_name":"Team Bananenflanke\u00ae Nordoberpfalz e.V.","article_modified_time":"2026-02-18T08:55:58+00:00","twitter_card":"summary_large_image","twitter_misc":{"Gesch\u00e4tzte Lesezeit":"2\u00a0Minuten"},"schema":{"@context":"https:\/\/schema.org","@graph":[{"@type":"WebPage","@id":"https:\/\/www.team-bananenflanke.de\/nordoberpfalz\/spielplan-termine-team-bananenflanke-nordoberpfalz\/","url":"https:\/\/www.team-bananenflanke.de\/nordoberpfalz\/spielplan-termine-team-bananenflanke-nordoberpfalz\/","name":"Spielplan - Team Bananenflanke\u00ae Nordoberpfalz e.V.","isPartOf":{"@id":"https:\/\/www.team-bananenflanke.de\/nordoberpfalz\/#website"},"datePublished":"2023-12-18T12:11:10+00:00","dateModified":"2026-02-18T08:55:58+00:00","description":"Alle Trainings, Spieltage und Veranstaltungen des Team Bananenflanke Nordoberpfalz e.V. Jetzt Termine einsehen.","breadcrumb":{"@id":"https:\/\/www.team-bananenflanke.de\/nordoberpfalz\/spielplan-termine-team-bananenflanke-nordoberpfalz\/#breadcrumb"},"inLanguage":"de","potentialAction":[{"@type":"ReadAction","target":["https:\/\/www.team-bananenflanke.de\/nordoberpfalz\/spielplan-termine-team-bananenflanke-nordoberpfalz\/"]}]},{"@type":"BreadcrumbList","@id":"https:\/\/www.team-bananenflanke.de\/nordoberpfalz\/spielplan-termine-team-bananenflanke-nordoberpfalz\/#breadcrumb","itemListElement":[{"@type":"ListItem","position":1,"name":"Startseite","item":"https:\/\/www.team-bananenflanke.de\/nordoberpfalz\/"},{"@type":"ListItem","position":2,"name":"Spielplan"}]},{"@type":"WebSite","@id":"https:\/\/www.team-bananenflanke.de\/nordoberpfalz\/#website","url":"https:\/\/www.team-bananenflanke.de\/nordoberpfalz\/","name":"Team Bananenflanke\u00ae Nordoberpfalz e.V.","description":"Fu\u00dfball kennt keine Grenzen!","potentialAction":[{"@type":"SearchAction","target":{"@type":"EntryPoint","urlTemplate":"https:\/\/www.team-bananenflanke.de\/nordoberpfalz\/?s={search_term_string}"},"query-input":{"@type":"PropertyValueSpecification","valueRequired":true,"valueName":"search_term_string"}}],"inLanguage":"de"}]}},"_links":{"self":[{"href":"https:\/\/www.team-bananenflanke.de\/nordoberpfalz\/wp-json\/wp\/v2\/pages\/28","targetHints":{"allow":["GET"]}}],"collection":[{"href":"https:\/\/www.team-bananenflanke.de\/nordoberpfalz\/wp-json\/wp\/v2\/pages"}],"about":[{"href":"https:\/\/www.team-bananenflanke.de\/nordoberpfalz\/wp-json\/wp\/v2\/types\/page"}],"author":[{"embeddable":true,"href":"https:\/\/www.team-bananenflanke.de\/nordoberpfalz\/wp-json\/wp\/v2\/users\/1"}],"replies":[{"embeddable":true,"href":"https:\/\/www.team-bananenflanke.de\/nordoberpfalz\/wp-json\/wp\/v2\/comments?post=28"}],"version-history":[{"count":21,"href":"https:\/\/www.team-bananenflanke.de\/nordoberpfalz\/wp-json\/wp\/v2\/pages\/28\/revisions"}],"predecessor-version":[{"id":213,"href":"https:\/\/www.team-bananenflanke.de\/nordoberpfalz\/wp-json\/wp\/v2\/pages\/28\/revisions\/213"}],"wp:attachment":[{"href":"https:\/\/www.team-bananenflanke.de\/nordoberpfalz\/wp-json\/wp\/v2\/media?parent=28"}],"curies":[{"name":"wp","href":"https:\/\/api.w.org\/{rel}","templated":true}]}}